{"id":594,"date":"2023-05-17T12:22:45","date_gmt":"2023-05-17T15:22:45","guid":{"rendered":"https:\/\/healthplant.com.br\/?post_type=product&#038;p=594"},"modified":"2023-09-29T15:04:16","modified_gmt":"2023-09-29T18:04:16","slug":"thermo-acelerador","status":"publish","type":"product","link":"https:\/\/healthplant.com.br\/index.php\/produto\/thermo-acelerador\/","title":{"rendered":"THERMO ACELERADOR"},"content":{"rendered":"","protected":false},"excerpt":{"rendered":"<h2><strong>THERMO ACELERADOR<\/strong><\/h2>\n<p>A cafe\u00edna auxilia no aumento de estado de alerta e na melhora da concentra\u00e7\u00e3o.<br \/>\nAuxilia no aumento da capacidade de resist\u00eancia e no desempenho de exerc\u00edcios f\u00edsicos de resist\u00eancia.<\/p>\n<p>INGREDIENTES<br \/>\nGuaran\u00e1 em p\u00f3 (Paulinia cupana), cafe\u00edna\/1,3,7-Trimethylxanthine. Composi\u00e7\u00e3o da c\u00e1psula: Gelatina e<br \/>\numectante glicerina.<\/p>\n<p>SUGEST\u00c3O DE USO<br \/>\nMaiores de 19 anos. Ingerir 2 (duas) c\u00e1psulas ao dia, preferencialmente 1 hora antes da atividade f\u00edsica. Evitar ingerir perto da hora de dormir.<\/p>\n<p><img fetchpriority=\"high\" decoding=\"async\" class=\"alignnone wp-image-882 size-full\" src=\"http:\/\/healthplant.com.br\/wp-content\/uploads\/2023\/05\/Captura-de-tela-2023-09-29-144822.png\" alt=\"\" width=\"414\" height=\"240\" srcset=\"https:\/\/healthplant.com.br\/wp-content\/uploads\/2023\/05\/Captura-de-tela-2023-09-29-144822.png 414w, https:\/\/healthplant.com.br\/wp-content\/uploads\/2023\/05\/Captura-de-tela-2023-09-29-144822-300x174.png 300w\" sizes=\"(max-width: 414px) 100vw, 414px\" \/><\/p>\n","protected":false},"featured_media":595,"template":"","meta":[],"product_cat":[22],"product_tag":[],"_links":{"self":[{"href":"https:\/\/healthplant.com.br\/index.php\/wp-json\/wp\/v2\/product\/594"}],"collection":[{"href":"https:\/\/healthplant.com.br\/index.php\/wp-json\/wp\/v2\/product"}],"about":[{"href":"https:\/\/healthplant.com.br\/index.php\/wp-json\/wp\/v2\/types\/product"}],"version-history":[{"count":8,"href":"https:\/\/healthplant.com.br\/index.php\/wp-json\/wp\/v2\/product\/594\/revisions"}],"predecessor-version":[{"id":917,"href":"https:\/\/healthplant.com.br\/index.php\/wp-json\/wp\/v2\/product\/594\/revisions\/917"}],"wp:featuredmedia":[{"embeddable":true,"href":"https:\/\/healthplant.com.br\/index.php\/wp-json\/wp\/v2\/media\/595"}],"wp:attachment":[{"href":"https:\/\/healthplant.com.br\/index.php\/wp-json\/wp\/v2\/media?parent=594"}],"wp:term":[{"taxonomy":"product_cat","embeddable":true,"href":"https:\/\/healthplant.com.br\/index.php\/wp-json\/wp\/v2\/product_cat?post=594"},{"taxonomy":"product_tag","embeddable":true,"href":"https:\/\/healthplant.com.br\/index.php\/wp-json\/wp\/v2\/product_tag?post=594"}],"curies":[{"name":"wp","href":"https:\/\/api.w.org\/{rel}","templated":true}]}}