{"id":590,"date":"2023-05-17T12:21:51","date_gmt":"2023-05-17T15:21:51","guid":{"rendered":"https:\/\/healthplant.com.br\/?post_type=product&#038;p=590"},"modified":"2023-09-29T15:04:43","modified_gmt":"2023-09-29T18:04:43","slug":"vitamina-b5","status":"publish","type":"product","link":"https:\/\/healthplant.com.br\/index.php\/produto\/vitamina-b5\/","title":{"rendered":"VITAMINA B5"},"content":{"rendered":"","protected":false},"excerpt":{"rendered":"<h2><strong>VITAMINA B5<\/strong><\/h2>\n<p>A Vitamina B5 auxilia no metabolismo energ\u00e9tico.<br \/>\nFonte de Vitamina B5.<\/p>\n<p>INGREDIENTES<br \/>\nD-Pantotena to de C\u00e1lcio. Excipiente silicato de magn\u00e9sio Composi\u00e7\u00e3o da c\u00e1psula: Gelatina<br \/>\ne umectante glicerina.<\/p>\n<p>SUGEST\u00c3O DE USO<br \/>\nMaiores de 19 anos. Ingerir 1 (uma) c\u00e1psula ao dia, preferencialmente pela manh\u00e3.<\/p>\n<p><img fetchpriority=\"high\" decoding=\"async\" class=\"alignnone wp-image-892 size-full\" src=\"http:\/\/healthplant.com.br\/wp-content\/uploads\/2023\/05\/Captura-de-tela-2023-09-29-145535.png\" alt=\"\" width=\"413\" height=\"240\" srcset=\"https:\/\/healthplant.com.br\/wp-content\/uploads\/2023\/05\/Captura-de-tela-2023-09-29-145535.png 413w, https:\/\/healthplant.com.br\/wp-content\/uploads\/2023\/05\/Captura-de-tela-2023-09-29-145535-300x174.png 300w\" sizes=\"(max-width: 413px) 100vw, 413px\" \/><\/p>\n","protected":false},"featured_media":591,"template":"","meta":[],"product_cat":[22],"product_tag":[],"_links":{"self":[{"href":"https:\/\/healthplant.com.br\/index.php\/wp-json\/wp\/v2\/product\/590"}],"collection":[{"href":"https:\/\/healthplant.com.br\/index.php\/wp-json\/wp\/v2\/product"}],"about":[{"href":"https:\/\/healthplant.com.br\/index.php\/wp-json\/wp\/v2\/types\/product"}],"version-history":[{"count":2,"href":"https:\/\/healthplant.com.br\/index.php\/wp-json\/wp\/v2\/product\/590\/revisions"}],"predecessor-version":[{"id":922,"href":"https:\/\/healthplant.com.br\/index.php\/wp-json\/wp\/v2\/product\/590\/revisions\/922"}],"wp:featuredmedia":[{"embeddable":true,"href":"https:\/\/healthplant.com.br\/index.php\/wp-json\/wp\/v2\/media\/591"}],"wp:attachment":[{"href":"https:\/\/healthplant.com.br\/index.php\/wp-json\/wp\/v2\/media?parent=590"}],"wp:term":[{"taxonomy":"product_cat","embeddable":true,"href":"https:\/\/healthplant.com.br\/index.php\/wp-json\/wp\/v2\/product_cat?post=590"},{"taxonomy":"product_tag","embeddable":true,"href":"https:\/\/healthplant.com.br\/index.php\/wp-json\/wp\/v2\/product_tag?post=590"}],"curies":[{"name":"wp","href":"https:\/\/api.w.org\/{rel}","templated":true}]}}