{"id":584,"date":"2023-05-17T12:20:39","date_gmt":"2023-05-17T15:20:39","guid":{"rendered":"https:\/\/healthplant.com.br\/?post_type=product&#038;p=584"},"modified":"2023-08-08T17:06:03","modified_gmt":"2023-08-08T20:06:03","slug":"acerovit","status":"publish","type":"product","link":"https:\/\/healthplant.com.br\/index.php\/produto\/acerovit\/","title":{"rendered":"ACEROVIT"},"content":{"rendered":"","protected":false},"excerpt":{"rendered":"<h2><strong>ACEROVIT<\/strong><\/h2>\n<p>ACEROVIT<\/p>\n<p>A vitamina C \u00e9 um antioxidante que auxilia na prote\u00e7\u00e3o dos danos causados pelos radicais livres no organismo.<br \/>\nContribui na absor\u00e7\u00e3o de ferro dos alimentos.<\/p>\n<p>Ingredientes<br \/>\nAcerola em p\u00f3 e \u00e1cido asc\u00f3rbico (vitamina C). Composi\u00e7\u00e3o da c\u00e1psula: Gelatina e umectante glicerina.<\/p>\n<p>N\u00c3O CONT\u00c9M LACTOSE<br \/>\nN\u00c3O CONT\u00c9M CALORIAS<br \/>\nN\u00c3O CONT\u00c9M A\u00c7\u00daCARES<br \/>\nN\u00c3O CONT\u00c9M GL\u00daTEN<\/p>\n<p>SUGEST\u00c3O DE USO:<br \/>\nMaiores de 19 anos.<br \/>\nIngerir 2 (duas) c\u00e1psulas ao dia, preferencialmente ap\u00f3s o almo\u00e7o.<\/p>\n<p><img fetchpriority=\"high\" decoding=\"async\" class=\"alignnone wp-image-779 \" src=\"http:\/\/healthplant.com.br\/wp-content\/uploads\/2023\/05\/01b2d4e4-562b-4fc1-9069-464edc5b66f2.jpg\" alt=\"\" width=\"409\" height=\"244\" srcset=\"https:\/\/healthplant.com.br\/wp-content\/uploads\/2023\/05\/01b2d4e4-562b-4fc1-9069-464edc5b66f2.jpg 870w, https:\/\/healthplant.com.br\/wp-content\/uploads\/2023\/05\/01b2d4e4-562b-4fc1-9069-464edc5b66f2-300x179.jpg 300w, https:\/\/healthplant.com.br\/wp-content\/uploads\/2023\/05\/01b2d4e4-562b-4fc1-9069-464edc5b66f2-768x458.jpg 768w, https:\/\/healthplant.com.br\/wp-content\/uploads\/2023\/05\/01b2d4e4-562b-4fc1-9069-464edc5b66f2-600x358.jpg 600w\" sizes=\"(max-width: 409px) 100vw, 409px\" \/><\/p>\n","protected":false},"featured_media":585,"template":"","meta":[],"product_cat":[22],"product_tag":[],"_links":{"self":[{"href":"https:\/\/healthplant.com.br\/index.php\/wp-json\/wp\/v2\/product\/584"}],"collection":[{"href":"https:\/\/healthplant.com.br\/index.php\/wp-json\/wp\/v2\/product"}],"about":[{"href":"https:\/\/healthplant.com.br\/index.php\/wp-json\/wp\/v2\/types\/product"}],"version-history":[{"count":9,"href":"https:\/\/healthplant.com.br\/index.php\/wp-json\/wp\/v2\/product\/584\/revisions"}],"predecessor-version":[{"id":787,"href":"https:\/\/healthplant.com.br\/index.php\/wp-json\/wp\/v2\/product\/584\/revisions\/787"}],"wp:featuredmedia":[{"embeddable":true,"href":"https:\/\/healthplant.com.br\/index.php\/wp-json\/wp\/v2\/media\/585"}],"wp:attachment":[{"href":"https:\/\/healthplant.com.br\/index.php\/wp-json\/wp\/v2\/media?parent=584"}],"wp:term":[{"taxonomy":"product_cat","embeddable":true,"href":"https:\/\/healthplant.com.br\/index.php\/wp-json\/wp\/v2\/product_cat?post=584"},{"taxonomy":"product_tag","embeddable":true,"href":"https:\/\/healthplant.com.br\/index.php\/wp-json\/wp\/v2\/product_tag?post=584"}],"curies":[{"name":"wp","href":"https:\/\/api.w.org\/{rel}","templated":true}]}}