{"id":582,"date":"2023-05-17T12:20:10","date_gmt":"2023-05-17T15:20:10","guid":{"rendered":"https:\/\/healthplant.com.br\/?post_type=product&#038;p=582"},"modified":"2023-09-29T15:04:01","modified_gmt":"2023-09-29T18:04:01","slug":"slim-desin","status":"publish","type":"product","link":"https:\/\/healthplant.com.br\/index.php\/produto\/slim-desin\/","title":{"rendered":"SLIM DESIN"},"content":{"rendered":"","protected":false},"excerpt":{"rendered":"<h2><strong>SLIM DESIN<\/strong><\/h2>\n<p>O Cromo auxilia no metabolismo de prote\u00ednas, carboidratos e gorduras.<br \/>\nA vitamina C auxili a na forma\u00e7\u00e3o do col\u00e1geno e na prote\u00e7\u00e3o dos danos causados pelos radicais livres.<\/p>\n<p>INGREDIENTES<br \/>\nQuitosana, psyllium (plantago ovatae), \u00e1cido asc\u00f3rbico (vitamina C), picolinato de cromo (cromo). Composi\u00e7\u00e3o da c\u00e1psula: Gelatina e umectante glicerina.<\/p>\n<p>SUGEST\u00c3O DE USO<br \/>\nMaiores de 19 anos. Ingerir 2 (duas) c\u00e1psulas ao dia, antes das principais refei\u00e7\u00f5es.<\/p>\n<p>&nbsp;<\/p>\n<p><img fetchpriority=\"high\" decoding=\"async\" class=\"alignnone wp-image-878 size-full\" src=\"http:\/\/healthplant.com.br\/wp-content\/uploads\/2023\/05\/Captura-de-tela-2023-09-29-144503.png\" alt=\"\" width=\"413\" height=\"268\" srcset=\"https:\/\/healthplant.com.br\/wp-content\/uploads\/2023\/05\/Captura-de-tela-2023-09-29-144503.png 413w, https:\/\/healthplant.com.br\/wp-content\/uploads\/2023\/05\/Captura-de-tela-2023-09-29-144503-300x195.png 300w\" sizes=\"(max-width: 413px) 100vw, 413px\" \/><\/p>\n","protected":false},"featured_media":583,"template":"","meta":[],"product_cat":[22],"product_tag":[],"_links":{"self":[{"href":"https:\/\/healthplant.com.br\/index.php\/wp-json\/wp\/v2\/product\/582"}],"collection":[{"href":"https:\/\/healthplant.com.br\/index.php\/wp-json\/wp\/v2\/product"}],"about":[{"href":"https:\/\/healthplant.com.br\/index.php\/wp-json\/wp\/v2\/types\/product"}],"version-history":[{"count":2,"href":"https:\/\/healthplant.com.br\/index.php\/wp-json\/wp\/v2\/product\/582\/revisions"}],"predecessor-version":[{"id":915,"href":"https:\/\/healthplant.com.br\/index.php\/wp-json\/wp\/v2\/product\/582\/revisions\/915"}],"wp:featuredmedia":[{"embeddable":true,"href":"https:\/\/healthplant.com.br\/index.php\/wp-json\/wp\/v2\/media\/583"}],"wp:attachment":[{"href":"https:\/\/healthplant.com.br\/index.php\/wp-json\/wp\/v2\/media?parent=582"}],"wp:term":[{"taxonomy":"product_cat","embeddable":true,"href":"https:\/\/healthplant.com.br\/index.php\/wp-json\/wp\/v2\/product_cat?post=582"},{"taxonomy":"product_tag","embeddable":true,"href":"https:\/\/healthplant.com.br\/index.php\/wp-json\/wp\/v2\/product_tag?post=582"}],"curies":[{"name":"wp","href":"https:\/\/api.w.org\/{rel}","templated":true}]}}