{"id":580,"date":"2023-05-17T12:19:45","date_gmt":"2023-05-17T15:19:45","guid":{"rendered":"https:\/\/healthplant.com.br\/?post_type=product&#038;p=580"},"modified":"2023-09-29T15:04:23","modified_gmt":"2023-09-29T18:04:23","slug":"triptofano","status":"publish","type":"product","link":"https:\/\/healthplant.com.br\/index.php\/produto\/triptofano\/","title":{"rendered":"TRIPTOFANO"},"content":{"rendered":"","protected":false},"excerpt":{"rendered":"<h2><strong>TRIPTOFANO<\/strong><\/h2>\n<p>Auxilia no equil\u00edbrio dos eletr\u00f3litos.<br \/>\nAuxilia no funcionamento muscular e neuromuscular Contribui para manuten\u00e7\u00e3o da pele e das mucosas.<\/p>\n<p>INGREDIENTES<br \/>\nL-Triptofano. Excipiente: Silicato de magn\u00e9sio. Composi\u00e7\u00e3o da c\u00e1psula: Gelatina e umectante glicerina.<\/p>\n<p>SUGEST\u00c3O DE USO<br \/>\nMaiores de 19 anos. Ingerir 1 (uma) c\u00e1psula ao dia, ap\u00f3s o caf\u00e9 da manh\u00e3 ou se preferir 1 hora antes de dormir.<\/p>\n<p>&nbsp;<\/p>\n<p><img fetchpriority=\"high\" decoding=\"async\" class=\"alignnone wp-image-886 size-full\" src=\"http:\/\/healthplant.com.br\/wp-content\/uploads\/2023\/05\/Captura-de-tela-2023-09-29-145114.png\" alt=\"\" width=\"413\" height=\"239\" srcset=\"https:\/\/healthplant.com.br\/wp-content\/uploads\/2023\/05\/Captura-de-tela-2023-09-29-145114.png 413w, https:\/\/healthplant.com.br\/wp-content\/uploads\/2023\/05\/Captura-de-tela-2023-09-29-145114-300x174.png 300w\" sizes=\"(max-width: 413px) 100vw, 413px\" \/><\/p>\n","protected":false},"featured_media":581,"template":"","meta":[],"product_cat":[22],"product_tag":[],"_links":{"self":[{"href":"https:\/\/healthplant.com.br\/index.php\/wp-json\/wp\/v2\/product\/580"}],"collection":[{"href":"https:\/\/healthplant.com.br\/index.php\/wp-json\/wp\/v2\/product"}],"about":[{"href":"https:\/\/healthplant.com.br\/index.php\/wp-json\/wp\/v2\/types\/product"}],"version-history":[{"count":2,"href":"https:\/\/healthplant.com.br\/index.php\/wp-json\/wp\/v2\/product\/580\/revisions"}],"predecessor-version":[{"id":919,"href":"https:\/\/healthplant.com.br\/index.php\/wp-json\/wp\/v2\/product\/580\/revisions\/919"}],"wp:featuredmedia":[{"embeddable":true,"href":"https:\/\/healthplant.com.br\/index.php\/wp-json\/wp\/v2\/media\/581"}],"wp:attachment":[{"href":"https:\/\/healthplant.com.br\/index.php\/wp-json\/wp\/v2\/media?parent=580"}],"wp:term":[{"taxonomy":"product_cat","embeddable":true,"href":"https:\/\/healthplant.com.br\/index.php\/wp-json\/wp\/v2\/product_cat?post=580"},{"taxonomy":"product_tag","embeddable":true,"href":"https:\/\/healthplant.com.br\/index.php\/wp-json\/wp\/v2\/product_tag?post=580"}],"curies":[{"name":"wp","href":"https:\/\/api.w.org\/{rel}","templated":true}]}}