{"id":578,"date":"2023-05-17T12:19:23","date_gmt":"2023-05-17T15:19:23","guid":{"rendered":"https:\/\/healthplant.com.br\/?post_type=product&#038;p=578"},"modified":"2023-08-08T17:14:09","modified_gmt":"2023-08-08T20:14:09","slug":"biotina","status":"publish","type":"product","link":"https:\/\/healthplant.com.br\/index.php\/produto\/biotina\/","title":{"rendered":"BIOTINA"},"content":{"rendered":"","protected":false},"excerpt":{"rendered":"<h2>BIOTINA<\/h2>\n<p><span style=\"font-size: 10pt;\">Contribui para manuten\u00e7\u00e3o do cabelo e da pele.<\/span><br \/>\n<span style=\"font-size: 10pt;\">Possui a\u00e7\u00e3o probi\u00f3tica.<\/span><br \/>\n<span style=\"font-size: 10pt;\">Auxilia na manuten\u00e7\u00e3o das mucosas.<\/span><br \/>\n<span style=\"font-size: 10pt;\">Auxilia no me tabolismo energ\u00e9tico.<\/span><\/p>\n<p><span style=\"font-size: 10pt;\">INGREDIENTES:<\/span><br \/>\n<span style=\"font-size: 10pt;\">D-biotina. Excipiente: Silicato de magn\u00e9sio. Composi\u00e7\u00e3o da c\u00e1psula:<\/span><br \/>\n<span style=\"font-size: 10pt;\">Gelatina e umectante glicerina.<\/span><\/p>\n<p><span style=\"font-size: 10pt;\">N\u00c3O CONT\u00c9M CALORIAS N\u00c3O CONT\u00c9M A\u00c7\u00daCARES N\u00c3O CONT\u00c9M GL\u00daTEN<\/span><\/p>\n<p><span style=\"font-size: 10pt;\">SUGEST\u00c3O DE USO:<\/span><br \/>\n<span style=\"font-size: 10pt;\">Maiores de 19 anos. Ingerir 1 (uma) c\u00e1psula ao dia, preferencialmente ap\u00f3s o caf\u00e9 da manh\u00e3.<\/span><\/p>\n<p><img fetchpriority=\"high\" decoding=\"async\" class=\"alignnone wp-image-798 \" src=\"http:\/\/healthplant.com.br\/wp-content\/uploads\/2023\/05\/d5670f35-32de-486a-89a7-17d665cb31b5.jpg\" alt=\"\" width=\"387\" height=\"224\" srcset=\"https:\/\/healthplant.com.br\/wp-content\/uploads\/2023\/05\/d5670f35-32de-486a-89a7-17d665cb31b5.jpg 696w, https:\/\/healthplant.com.br\/wp-content\/uploads\/2023\/05\/d5670f35-32de-486a-89a7-17d665cb31b5-300x173.jpg 300w, https:\/\/healthplant.com.br\/wp-content\/uploads\/2023\/05\/d5670f35-32de-486a-89a7-17d665cb31b5-600x347.jpg 600w\" sizes=\"(max-width: 387px) 100vw, 387px\" \/><\/p>\n","protected":false},"featured_media":579,"template":"","meta":[],"product_cat":[22],"product_tag":[],"_links":{"self":[{"href":"https:\/\/healthplant.com.br\/index.php\/wp-json\/wp\/v2\/product\/578"}],"collection":[{"href":"https:\/\/healthplant.com.br\/index.php\/wp-json\/wp\/v2\/product"}],"about":[{"href":"https:\/\/healthplant.com.br\/index.php\/wp-json\/wp\/v2\/types\/product"}],"version-history":[{"count":1,"href":"https:\/\/healthplant.com.br\/index.php\/wp-json\/wp\/v2\/product\/578\/revisions"}],"predecessor-version":[{"id":799,"href":"https:\/\/healthplant.com.br\/index.php\/wp-json\/wp\/v2\/product\/578\/revisions\/799"}],"wp:featuredmedia":[{"embeddable":true,"href":"https:\/\/healthplant.com.br\/index.php\/wp-json\/wp\/v2\/media\/579"}],"wp:attachment":[{"href":"https:\/\/healthplant.com.br\/index.php\/wp-json\/wp\/v2\/media?parent=578"}],"wp:term":[{"taxonomy":"product_cat","embeddable":true,"href":"https:\/\/healthplant.com.br\/index.php\/wp-json\/wp\/v2\/product_cat?post=578"},{"taxonomy":"product_tag","embeddable":true,"href":"https:\/\/healthplant.com.br\/index.php\/wp-json\/wp\/v2\/product_tag?post=578"}],"curies":[{"name":"wp","href":"https:\/\/api.w.org\/{rel}","templated":true}]}}