{"id":574,"date":"2023-05-17T12:17:48","date_gmt":"2023-05-17T15:17:48","guid":{"rendered":"https:\/\/healthplant.com.br\/?post_type=product&#038;p=574"},"modified":"2023-08-17T16:58:14","modified_gmt":"2023-08-17T19:58:14","slug":"magnesio-dimalato","status":"publish","type":"product","link":"https:\/\/healthplant.com.br\/index.php\/produto\/magnesio-dimalato\/","title":{"rendered":"MAGN\u00c9SIO DIMALATO"},"content":{"rendered":"","protected":false},"excerpt":{"rendered":"<h2><strong>MAGN\u00c9SIO DIMALATO<\/strong><\/h2>\n<p><span style=\"font-size: 10pt;\">Auxilia na forma\u00e7\u00e3o de ossos e dentes.<\/span><br \/>\n<span style=\"font-size: 10pt;\">Ajuda no funcionamento muscular e neuromuscular.<\/span><br \/>\n<span style=\"font-size: 10pt;\">Contribui com o metabolismo energ\u00e9tico e como metabolismo de prote\u00ednas, carboidratos e gorduras.<\/span><\/p>\n<p><span style=\"font-size: 10pt;\">INGREDIENTES:<\/span><br \/>\n<span style=\"font-size: 10pt;\">Dimagn\u00e9sio malato (magn\u00e9sio). Excipiente: Silicato de magn\u00e9sio (INS<\/span><br \/>\n<span style=\"font-size: 10pt;\">553i). Composi\u00e7\u00e3o da c\u00e1psula: Gelatina e umectante glicerina<\/span><\/p>\n<p><span style=\"font-size: 10pt;\">ALTO TEOR DE MAGN\u00c9SIO<\/span><br \/>\n<span style=\"font-size: 10pt;\">N\u00c3O CONT\u00c9M CALORIAS<\/span><br \/>\n<span style=\"font-size: 10pt;\">N\u00c3O CONT\u00c9M A\u00c7\u00daCARES<\/span><br \/>\n<span style=\"font-size: 10pt;\">N\u00c3O CONT\u00c9M GL\u00daTEN<\/span><\/p>\n<p><span style=\"font-size: 10pt;\">SUGEST\u00c3O DE USO:<\/span><br \/>\n<span style=\"font-size: 10pt;\">Maiores de 19 anos. Ingerir 2 (duas)\u00a0 c\u00e1psulas ao dia, preferencialmente antes de dormir.<\/span><\/p>\n<p><img fetchpriority=\"high\" decoding=\"async\" class=\"alignnone wp-image-833 \" src=\"http:\/\/healthplant.com.br\/wp-content\/uploads\/2023\/05\/908ea849-12c9-4881-a2f6-60f97d3e1cc1.jpg\" alt=\"\" width=\"407\" height=\"234\" srcset=\"https:\/\/healthplant.com.br\/wp-content\/uploads\/2023\/05\/908ea849-12c9-4881-a2f6-60f97d3e1cc1.jpg 732w, https:\/\/healthplant.com.br\/wp-content\/uploads\/2023\/05\/908ea849-12c9-4881-a2f6-60f97d3e1cc1-300x173.jpg 300w, https:\/\/healthplant.com.br\/wp-content\/uploads\/2023\/05\/908ea849-12c9-4881-a2f6-60f97d3e1cc1-600x345.jpg 600w\" sizes=\"(max-width: 407px) 100vw, 407px\" \/><\/p>\n","protected":false},"featured_media":575,"template":"","meta":[],"product_cat":[22],"product_tag":[],"_links":{"self":[{"href":"https:\/\/healthplant.com.br\/index.php\/wp-json\/wp\/v2\/product\/574"}],"collection":[{"href":"https:\/\/healthplant.com.br\/index.php\/wp-json\/wp\/v2\/product"}],"about":[{"href":"https:\/\/healthplant.com.br\/index.php\/wp-json\/wp\/v2\/types\/product"}],"version-history":[{"count":2,"href":"https:\/\/healthplant.com.br\/index.php\/wp-json\/wp\/v2\/product\/574\/revisions"}],"predecessor-version":[{"id":835,"href":"https:\/\/healthplant.com.br\/index.php\/wp-json\/wp\/v2\/product\/574\/revisions\/835"}],"wp:featuredmedia":[{"embeddable":true,"href":"https:\/\/healthplant.com.br\/index.php\/wp-json\/wp\/v2\/media\/575"}],"wp:attachment":[{"href":"https:\/\/healthplant.com.br\/index.php\/wp-json\/wp\/v2\/media?parent=574"}],"wp:term":[{"taxonomy":"product_cat","embeddable":true,"href":"https:\/\/healthplant.com.br\/index.php\/wp-json\/wp\/v2\/product_cat?post=574"},{"taxonomy":"product_tag","embeddable":true,"href":"https:\/\/healthplant.com.br\/index.php\/wp-json\/wp\/v2\/product_tag?post=574"}],"curies":[{"name":"wp","href":"https:\/\/api.w.org\/{rel}","templated":true}]}}