{"id":570,"date":"2023-05-17T12:16:37","date_gmt":"2023-05-17T15:16:37","guid":{"rendered":"https:\/\/healthplant.com.br\/?post_type=product&#038;p=570"},"modified":"2023-08-08T17:23:49","modified_gmt":"2023-08-08T20:23:49","slug":"cartilax","status":"publish","type":"product","link":"https:\/\/healthplant.com.br\/index.php\/produto\/cartilax\/","title":{"rendered":"CARTILAX"},"content":{"rendered":"","protected":false},"excerpt":{"rendered":"<h2><strong>CARTILAX<\/strong><\/h2>\n<p><span style=\"font-size: 10pt;\">O col\u00e1geno tipo II n\u00e3o desnaturado auxilia na manuten\u00e7\u00e3o da fun\u00e7\u00e3o articular.<\/span><br \/>\n<span style=\"font-size: 10pt;\">O magn\u00e9sio auxilia na forma\u00e7\u00e3o de ossos e dentes e no funcionamento muscular e neuromuscular<\/span><\/p>\n<p><span style=\"font-size: 10pt;\">INGREDIENTES:<\/span><br \/>\n<span style=\"font-size: 10pt;\">Cloreto de magn\u00e9sio (Magn\u00e9sio),<\/span><br \/>\n<span style=\"font-size: 10pt;\">col\u00e1geno de frango com col\u00e1geno<\/span><br \/>\n<span style=\"font-size: 10pt;\">tipo II n\u00e3o desnaturado, extratos de\u00a0 rizomas de Curcuma longa .<\/span><br \/>\n<span style=\"font-size: 10pt;\">Excipiente: Silicato de magn\u00e9sio.<\/span><br \/>\n<span style=\"font-size: 10pt;\">Composi\u00e7\u00e3o da c\u00e1psula: Gelatina e umectante glicerina.<\/span><\/p>\n<p><span style=\"font-size: 10pt;\">N\u00c3O CONT\u00c9M GL\u00daTEN<\/span><br \/>\n<span style=\"font-size: 10pt;\">N\u00c3O CONT\u00c9M LACTOSE<\/span><br \/>\n<span style=\"font-size: 10pt;\">N\u00c3O CONT\u00c9M CALORIAS<\/span><br \/>\n<span style=\"font-size: 10pt;\">N\u00c3O CONT\u00c9M A\u00c7\u00daCARES<\/span><\/p>\n<p><span style=\"font-size: 10pt;\">SUGEST\u00c3O DE USO:<\/span><br \/>\n<span style=\"font-size: 10pt;\">Maiores de 19 anos. Ingerir 2 (duas) c\u00e1psulas ao dia, preferencialmente antes de dormir.<\/span><\/p>\n<p><img fetchpriority=\"high\" decoding=\"async\" class=\"alignnone wp-image-802 \" src=\"http:\/\/healthplant.com.br\/wp-content\/uploads\/2023\/05\/781dd2d0-8adb-41be-b520-6f308c372395.jpg\" alt=\"\" width=\"380\" height=\"298\" srcset=\"https:\/\/healthplant.com.br\/wp-content\/uploads\/2023\/05\/781dd2d0-8adb-41be-b520-6f308c372395.jpg 630w, https:\/\/healthplant.com.br\/wp-content\/uploads\/2023\/05\/781dd2d0-8adb-41be-b520-6f308c372395-300x235.jpg 300w, https:\/\/healthplant.com.br\/wp-content\/uploads\/2023\/05\/781dd2d0-8adb-41be-b520-6f308c372395-600x470.jpg 600w\" sizes=\"(max-width: 380px) 100vw, 380px\" \/><\/p>\n<p>&nbsp;<\/p>\n","protected":false},"featured_media":571,"template":"","meta":[],"product_cat":[22],"product_tag":[],"_links":{"self":[{"href":"https:\/\/healthplant.com.br\/index.php\/wp-json\/wp\/v2\/product\/570"}],"collection":[{"href":"https:\/\/healthplant.com.br\/index.php\/wp-json\/wp\/v2\/product"}],"about":[{"href":"https:\/\/healthplant.com.br\/index.php\/wp-json\/wp\/v2\/types\/product"}],"version-history":[{"count":1,"href":"https:\/\/healthplant.com.br\/index.php\/wp-json\/wp\/v2\/product\/570\/revisions"}],"predecessor-version":[{"id":803,"href":"https:\/\/healthplant.com.br\/index.php\/wp-json\/wp\/v2\/product\/570\/revisions\/803"}],"wp:featuredmedia":[{"embeddable":true,"href":"https:\/\/healthplant.com.br\/index.php\/wp-json\/wp\/v2\/media\/571"}],"wp:attachment":[{"href":"https:\/\/healthplant.com.br\/index.php\/wp-json\/wp\/v2\/media?parent=570"}],"wp:term":[{"taxonomy":"product_cat","embeddable":true,"href":"https:\/\/healthplant.com.br\/index.php\/wp-json\/wp\/v2\/product_cat?post=570"},{"taxonomy":"product_tag","embeddable":true,"href":"https:\/\/healthplant.com.br\/index.php\/wp-json\/wp\/v2\/product_tag?post=570"}],"curies":[{"name":"wp","href":"https:\/\/api.w.org\/{rel}","templated":true}]}}