{"id":568,"date":"2023-05-17T12:16:08","date_gmt":"2023-05-17T15:16:08","guid":{"rendered":"https:\/\/healthplant.com.br\/?post_type=product&#038;p=568"},"modified":"2023-08-08T17:45:29","modified_gmt":"2023-08-08T20:45:29","slug":"creatina","status":"publish","type":"product","link":"https:\/\/healthplant.com.br\/index.php\/produto\/creatina\/","title":{"rendered":"CREATINA 150g"},"content":{"rendered":"","protected":false},"excerpt":{"rendered":"<h2><strong>CREATINA MONOHIDRATADA<\/strong><\/h2>\n<p><span style=\"font-size: 10pt;\">A creatina auxilia no aumento do desempenho f\u00edsico durante exerc\u00edcios repetidos de curta dura\u00e7\u00e3o e alta intensidade.<\/span><\/p>\n<p><span style=\"font-size: 10pt;\">NGREDIENTES:<\/span><br \/>\n<span style=\"font-size: 10pt;\">Creatina monohidratada.<\/span><\/p>\n<p><span style=\"font-size: 10pt;\">N\u00c3O CONT\u00c9M CALORIAS<\/span><br \/>\n<span style=\"font-size: 10pt;\">N\u00c3O CONT\u00c9M GL\u00daTEN<\/span><br \/>\n<span style=\"font-size: 10pt;\">N\u00c3O CONT\u00c9M A\u00c7\u00daCARES<\/span><br \/>\n<span style=\"font-size: 10pt;\">N\u00c3O CONT\u00c9M LACTOSE<\/span><\/p>\n<p><span style=\"font-size: 10pt;\">SUGEST\u00c3O DE USO<\/span><br \/>\n<span style=\"font-size: 10pt;\">Maiores de 19 anos. Adicione 3g (3 dosadores) em 200ml de \u00e1gua ou da bebida de sua prefer\u00eancia e misture at\u00e9 ficar homog\u00eaneo.<\/span><br \/>\n<span style=\"font-size: 10pt;\">Beba imediatamente ap\u00f3s o preparo. Recomenda-se o uso uma vez ao dia ou conforme orienta\u00e7\u00e3o de nutricionista ou m\u00e9dico.<\/span><\/p>\n<p><img fetchpriority=\"high\" decoding=\"async\" class=\"alignnone wp-image-818 \" src=\"http:\/\/healthplant.com.br\/wp-content\/uploads\/2023\/05\/77781d16-8859-4a33-a59e-a5bce1c759b8.jpg\" alt=\"\" width=\"358\" height=\"205\" srcset=\"https:\/\/healthplant.com.br\/wp-content\/uploads\/2023\/05\/77781d16-8859-4a33-a59e-a5bce1c759b8.jpg 727w, https:\/\/healthplant.com.br\/wp-content\/uploads\/2023\/05\/77781d16-8859-4a33-a59e-a5bce1c759b8-300x172.jpg 300w, https:\/\/healthplant.com.br\/wp-content\/uploads\/2023\/05\/77781d16-8859-4a33-a59e-a5bce1c759b8-600x343.jpg 600w\" sizes=\"(max-width: 358px) 100vw, 358px\" \/><\/p>\n","protected":false},"featured_media":569,"template":"","meta":[],"product_cat":[22],"product_tag":[],"_links":{"self":[{"href":"https:\/\/healthplant.com.br\/index.php\/wp-json\/wp\/v2\/product\/568"}],"collection":[{"href":"https:\/\/healthplant.com.br\/index.php\/wp-json\/wp\/v2\/product"}],"about":[{"href":"https:\/\/healthplant.com.br\/index.php\/wp-json\/wp\/v2\/types\/product"}],"version-history":[{"count":2,"href":"https:\/\/healthplant.com.br\/index.php\/wp-json\/wp\/v2\/product\/568\/revisions"}],"predecessor-version":[{"id":820,"href":"https:\/\/healthplant.com.br\/index.php\/wp-json\/wp\/v2\/product\/568\/revisions\/820"}],"wp:featuredmedia":[{"embeddable":true,"href":"https:\/\/healthplant.com.br\/index.php\/wp-json\/wp\/v2\/media\/569"}],"wp:attachment":[{"href":"https:\/\/healthplant.com.br\/index.php\/wp-json\/wp\/v2\/media?parent=568"}],"wp:term":[{"taxonomy":"product_cat","embeddable":true,"href":"https:\/\/healthplant.com.br\/index.php\/wp-json\/wp\/v2\/product_cat?post=568"},{"taxonomy":"product_tag","embeddable":true,"href":"https:\/\/healthplant.com.br\/index.php\/wp-json\/wp\/v2\/product_tag?post=568"}],"curies":[{"name":"wp","href":"https:\/\/api.w.org\/{rel}","templated":true}]}}