{"id":564,"date":"2023-05-17T12:14:37","date_gmt":"2023-05-17T15:14:37","guid":{"rendered":"https:\/\/healthplant.com.br\/?post_type=product&#038;p=564"},"modified":"2023-09-29T15:02:58","modified_gmt":"2023-09-29T18:02:58","slug":"oleo-de-semente-de-abobora","status":"publish","type":"product","link":"https:\/\/healthplant.com.br\/index.php\/produto\/oleo-de-semente-de-abobora\/","title":{"rendered":"\u00d3LEO DE SEMENTE DE AB\u00d3BORA"},"content":{"rendered":"","protected":false},"excerpt":{"rendered":"<h2><strong>\u00d3LEO DE SEMENTE DE AB\u00d3BORA<\/strong><\/h2>\n<p>Potente antioxidante e rico em nutrientes essenciais.<br \/>\nAuxilia no combate \u00e0 inflama\u00e7\u00f5es.<br \/>\nAuxilia no funcionamento do sistema imune.<\/p>\n<p>INGREDIENTES<br \/>\n\u00d3leo de semente de ab\u00f3bora (fam\u00edlia Curcubitaceae). Composi\u00e7\u00e3o da c\u00e1psula: Gelatina, \u00e1gua purificada, glicerina, \u00f3leo de girassol (Helianthus annuus L) e agente de massa sorbitol.<\/p>\n<p>SUGEST\u00c3O DE USO<br \/>\nMaiores de 19 anos. Ingerir 5 (cinco) c\u00e1psulas ao dia, antes das principais refei\u00e7\u00f5es.<\/p>\n<p><img fetchpriority=\"high\" decoding=\"async\" class=\"alignnone wp-image-863 size-full\" src=\"http:\/\/healthplant.com.br\/wp-content\/uploads\/2023\/05\/Captura-de-tela-2023-09-29-143356.png\" alt=\"\" width=\"599\" height=\"737\" srcset=\"https:\/\/healthplant.com.br\/wp-content\/uploads\/2023\/05\/Captura-de-tela-2023-09-29-143356.png 599w, https:\/\/healthplant.com.br\/wp-content\/uploads\/2023\/05\/Captura-de-tela-2023-09-29-143356-244x300.png 244w\" sizes=\"(max-width: 599px) 100vw, 599px\" \/><\/p>\n","protected":false},"featured_media":565,"template":"","meta":[],"product_cat":[22],"product_tag":[],"_links":{"self":[{"href":"https:\/\/healthplant.com.br\/index.php\/wp-json\/wp\/v2\/product\/564"}],"collection":[{"href":"https:\/\/healthplant.com.br\/index.php\/wp-json\/wp\/v2\/product"}],"about":[{"href":"https:\/\/healthplant.com.br\/index.php\/wp-json\/wp\/v2\/types\/product"}],"version-history":[{"count":2,"href":"https:\/\/healthplant.com.br\/index.php\/wp-json\/wp\/v2\/product\/564\/revisions"}],"predecessor-version":[{"id":908,"href":"https:\/\/healthplant.com.br\/index.php\/wp-json\/wp\/v2\/product\/564\/revisions\/908"}],"wp:featuredmedia":[{"embeddable":true,"href":"https:\/\/healthplant.com.br\/index.php\/wp-json\/wp\/v2\/media\/565"}],"wp:attachment":[{"href":"https:\/\/healthplant.com.br\/index.php\/wp-json\/wp\/v2\/media?parent=564"}],"wp:term":[{"taxonomy":"product_cat","embeddable":true,"href":"https:\/\/healthplant.com.br\/index.php\/wp-json\/wp\/v2\/product_cat?post=564"},{"taxonomy":"product_tag","embeddable":true,"href":"https:\/\/healthplant.com.br\/index.php\/wp-json\/wp\/v2\/product_tag?post=564"}],"curies":[{"name":"wp","href":"https:\/\/api.w.org\/{rel}","templated":true}]}}