{"id":554,"date":"2023-05-17T12:08:32","date_gmt":"2023-05-17T15:08:32","guid":{"rendered":"https:\/\/healthplant.com.br\/?post_type=product&#038;p=554"},"modified":"2023-09-29T15:02:31","modified_gmt":"2023-09-29T18:02:31","slug":"oleo-de-abacate","status":"publish","type":"product","link":"https:\/\/healthplant.com.br\/index.php\/produto\/oleo-de-abacate\/","title":{"rendered":"\u00d3LEO DE ABACATE"},"content":{"rendered":"","protected":false},"excerpt":{"rendered":"<h2><strong>\u00d3LEO DE ABACATE<\/strong><\/h2>\n<p>INGREDIENTES<br \/>\n\u00d3leo de abacate (Persea americana), acetato de Dl-alfatocoferol (vitamina E). Composi\u00e7\u00e3o da c\u00e1psula: Gelatina, \u00e1gua<br \/>\npurificada, glicerina, \u00f3leo de girassol (Helianthus annuus L), agente de massa sorbitol.<\/p>\n<p>SUGEST\u00c3O DE USO<br \/>\nMaiores de 19 anos. Ingerir 5 (cinco) c\u00e1psulas ao dia, junto das principais refei\u00e7\u00f5es.<\/p>\n<p><img fetchpriority=\"high\" decoding=\"async\" class=\"alignnone wp-image-853 \" src=\"http:\/\/healthplant.com.br\/wp-content\/uploads\/2023\/05\/Captura-de-tela-2023-09-29-142537.png\" alt=\"\" width=\"433\" height=\"563\" srcset=\"https:\/\/healthplant.com.br\/wp-content\/uploads\/2023\/05\/Captura-de-tela-2023-09-29-142537.png 560w, https:\/\/healthplant.com.br\/wp-content\/uploads\/2023\/05\/Captura-de-tela-2023-09-29-142537-231x300.png 231w\" sizes=\"(max-width: 433px) 100vw, 433px\" \/><\/p>\n","protected":false},"featured_media":555,"template":"","meta":[],"product_cat":[22],"product_tag":[],"_links":{"self":[{"href":"https:\/\/healthplant.com.br\/index.php\/wp-json\/wp\/v2\/product\/554"}],"collection":[{"href":"https:\/\/healthplant.com.br\/index.php\/wp-json\/wp\/v2\/product"}],"about":[{"href":"https:\/\/healthplant.com.br\/index.php\/wp-json\/wp\/v2\/types\/product"}],"version-history":[{"count":2,"href":"https:\/\/healthplant.com.br\/index.php\/wp-json\/wp\/v2\/product\/554\/revisions"}],"predecessor-version":[{"id":903,"href":"https:\/\/healthplant.com.br\/index.php\/wp-json\/wp\/v2\/product\/554\/revisions\/903"}],"wp:featuredmedia":[{"embeddable":true,"href":"https:\/\/healthplant.com.br\/index.php\/wp-json\/wp\/v2\/media\/555"}],"wp:attachment":[{"href":"https:\/\/healthplant.com.br\/index.php\/wp-json\/wp\/v2\/media?parent=554"}],"wp:term":[{"taxonomy":"product_cat","embeddable":true,"href":"https:\/\/healthplant.com.br\/index.php\/wp-json\/wp\/v2\/product_cat?post=554"},{"taxonomy":"product_tag","embeddable":true,"href":"https:\/\/healthplant.com.br\/index.php\/wp-json\/wp\/v2\/product_tag?post=554"}],"curies":[{"name":"wp","href":"https:\/\/api.w.org\/{rel}","templated":true}]}}