{"id":552,"date":"2023-05-17T12:07:41","date_gmt":"2023-05-17T15:07:41","guid":{"rendered":"https:\/\/healthplant.com.br\/?post_type=product&#038;p=552"},"modified":"2023-09-29T15:02:38","modified_gmt":"2023-09-29T18:02:38","slug":"oleo-de-alho","status":"publish","type":"product","link":"https:\/\/healthplant.com.br\/index.php\/produto\/oleo-de-alho\/","title":{"rendered":"\u00d3LEO DE ALHO"},"content":{"rendered":"","protected":false},"excerpt":{"rendered":"<h2><strong>\u00d3LEO DE ALHO<\/strong><\/h2>\n<p>INGREDIENTES<br \/>\n\u00d3leo de alho (Allium Sativum L.) e \u00f3leo de gitassol (Helianthus annuus L.). Composi\u00e7\u00e3o da c\u00e1psula: Gelatina, \u00e1gua purificada, glicerina, agente de massa sorbitol.<\/p>\n<p>SUGEST\u00c3O DE USO<br \/>\nMaiores de 19 anos. Ingerir 2 (duas) c\u00e1psulas ao dia, junto das principais refei\u00e7\u00f5es, ou conforme orienta\u00e7\u00e3o m\u00e9dica.<\/p>\n<p><img fetchpriority=\"high\" decoding=\"async\" class=\"alignnone wp-image-855 \" src=\"http:\/\/healthplant.com.br\/wp-content\/uploads\/2023\/05\/Captura-de-tela-2023-09-29-142714.png\" alt=\"\" width=\"507\" height=\"658\" srcset=\"https:\/\/healthplant.com.br\/wp-content\/uploads\/2023\/05\/Captura-de-tela-2023-09-29-142714.png 588w, https:\/\/healthplant.com.br\/wp-content\/uploads\/2023\/05\/Captura-de-tela-2023-09-29-142714-231x300.png 231w\" sizes=\"(max-width: 507px) 100vw, 507px\" \/><\/p>\n","protected":false},"featured_media":553,"template":"","meta":[],"product_cat":[22],"product_tag":[],"_links":{"self":[{"href":"https:\/\/healthplant.com.br\/index.php\/wp-json\/wp\/v2\/product\/552"}],"collection":[{"href":"https:\/\/healthplant.com.br\/index.php\/wp-json\/wp\/v2\/product"}],"about":[{"href":"https:\/\/healthplant.com.br\/index.php\/wp-json\/wp\/v2\/types\/product"}],"version-history":[{"count":2,"href":"https:\/\/healthplant.com.br\/index.php\/wp-json\/wp\/v2\/product\/552\/revisions"}],"predecessor-version":[{"id":904,"href":"https:\/\/healthplant.com.br\/index.php\/wp-json\/wp\/v2\/product\/552\/revisions\/904"}],"wp:featuredmedia":[{"embeddable":true,"href":"https:\/\/healthplant.com.br\/index.php\/wp-json\/wp\/v2\/media\/553"}],"wp:attachment":[{"href":"https:\/\/healthplant.com.br\/index.php\/wp-json\/wp\/v2\/media?parent=552"}],"wp:term":[{"taxonomy":"product_cat","embeddable":true,"href":"https:\/\/healthplant.com.br\/index.php\/wp-json\/wp\/v2\/product_cat?post=552"},{"taxonomy":"product_tag","embeddable":true,"href":"https:\/\/healthplant.com.br\/index.php\/wp-json\/wp\/v2\/product_tag?post=552"}],"curies":[{"name":"wp","href":"https:\/\/api.w.org\/{rel}","templated":true}]}}