{"id":550,"date":"2023-05-17T12:06:27","date_gmt":"2023-05-17T15:06:27","guid":{"rendered":"https:\/\/healthplant.com.br\/?post_type=product&#038;p=550"},"modified":"2023-09-29T14:57:14","modified_gmt":"2023-09-29T17:57:14","slug":"vitamina-d3","status":"publish","type":"product","link":"https:\/\/healthplant.com.br\/index.php\/produto\/vitamina-d3\/","title":{"rendered":"VITAMINA D3"},"content":{"rendered":"","protected":false},"excerpt":{"rendered":"<h2>VITAMINA D3<\/h2>\n<p>A Vitamina D auxilia: na forma\u00e7\u00e3o de ossos e dentes; na absor\u00e7\u00e3o de c\u00e1lcio e f\u00f3sforo; no funcionamento do sistema imune e no funcionamento muscular.<br \/>\nFonte de Vitamina D.<\/p>\n<p>INGREDIENTES<br \/>\nColecal c iferol (Vitamina D3). Excipiente: Silicato de Magn\u00e9sio. Composi\u00e7\u00e3o da c\u00e1psula: Gelatina e<br \/>\numectante glicerina.<\/p>\n<p>SUGEST\u00c3O DE USO<br \/>\nMaiores de 19 anos. Ingerir 1 (uma) c\u00e1psula ao dia, preferencialmente junto da principal refei\u00e7\u00e3o.<\/p>\n<p><img fetchpriority=\"high\" decoding=\"async\" class=\"alignnone wp-image-894 size-full\" src=\"http:\/\/healthplant.com.br\/wp-content\/uploads\/2023\/05\/Captura-de-tela-2023-09-29-145649.png\" alt=\"\" width=\"412\" height=\"239\" srcset=\"https:\/\/healthplant.com.br\/wp-content\/uploads\/2023\/05\/Captura-de-tela-2023-09-29-145649.png 412w, https:\/\/healthplant.com.br\/wp-content\/uploads\/2023\/05\/Captura-de-tela-2023-09-29-145649-300x174.png 300w\" sizes=\"(max-width: 412px) 100vw, 412px\" \/><\/p>\n","protected":false},"featured_media":551,"template":"","meta":[],"product_cat":[22],"product_tag":[],"_links":{"self":[{"href":"https:\/\/healthplant.com.br\/index.php\/wp-json\/wp\/v2\/product\/550"}],"collection":[{"href":"https:\/\/healthplant.com.br\/index.php\/wp-json\/wp\/v2\/product"}],"about":[{"href":"https:\/\/healthplant.com.br\/index.php\/wp-json\/wp\/v2\/types\/product"}],"version-history":[{"count":1,"href":"https:\/\/healthplant.com.br\/index.php\/wp-json\/wp\/v2\/product\/550\/revisions"}],"predecessor-version":[{"id":895,"href":"https:\/\/healthplant.com.br\/index.php\/wp-json\/wp\/v2\/product\/550\/revisions\/895"}],"wp:featuredmedia":[{"embeddable":true,"href":"https:\/\/healthplant.com.br\/index.php\/wp-json\/wp\/v2\/media\/551"}],"wp:attachment":[{"href":"https:\/\/healthplant.com.br\/index.php\/wp-json\/wp\/v2\/media?parent=550"}],"wp:term":[{"taxonomy":"product_cat","embeddable":true,"href":"https:\/\/healthplant.com.br\/index.php\/wp-json\/wp\/v2\/product_cat?post=550"},{"taxonomy":"product_tag","embeddable":true,"href":"https:\/\/healthplant.com.br\/index.php\/wp-json\/wp\/v2\/product_tag?post=550"}],"curies":[{"name":"wp","href":"https:\/\/api.w.org\/{rel}","templated":true}]}}