{"id":548,"date":"2023-05-17T12:06:04","date_gmt":"2023-05-17T15:06:04","guid":{"rendered":"https:\/\/healthplant.com.br\/?post_type=product&#038;p=548"},"modified":"2023-09-29T15:04:19","modified_gmt":"2023-09-29T18:04:19","slug":"trinca-in-30-60","status":"publish","type":"product","link":"https:\/\/healthplant.com.br\/index.php\/produto\/trinca-in-30-60\/","title":{"rendered":"TRINCA IN 30 &#8211; 60"},"content":{"rendered":"","protected":false},"excerpt":{"rendered":"<h2><strong>TRINCA IN 30<\/strong><\/h2>\n<p>Auxilia na regula\u00e7\u00e3o dos n\u00edveis de colesterol ruim e facilita o metabolismo de prote\u00ednas.<br \/>\nPromove sensa\u00e7\u00e3o de saciedade.<\/p>\n<p>INGREDIENTES<br \/>\nPsyllium ( Plantago ovatae), taurina, bisglicinato de c\u00e1lcio (c\u00e1lcio), bisglicinato de magn\u00e9sio (magn\u00e9sio), cranberry em p\u00f3 (Vaccinium macrocarpon aiton), bisglicinato de zinco (zinco), extrato de laranja moro (citrus sinensis L. Osbeck), picolinato de cromo (cromo). Composi\u00e7\u00e3o da c\u00e1psula: Gelatina e umectante Glicerina.<\/p>\n<p>SUGEST\u00c3O DE USO<br \/>\nMaiores de 19 anos. Ingerir 1 (uma) c\u00e1psula 2 vezes ao dia, 30 minutos antes das principais refei\u00e7\u00f5es.<\/p>\n<p><img fetchpriority=\"high\" decoding=\"async\" class=\"alignnone wp-image-884 size-full\" src=\"http:\/\/healthplant.com.br\/wp-content\/uploads\/2023\/05\/Captura-de-tela-2023-09-29-144941.png\" alt=\"\" width=\"421\" height=\"436\" srcset=\"https:\/\/healthplant.com.br\/wp-content\/uploads\/2023\/05\/Captura-de-tela-2023-09-29-144941.png 421w, https:\/\/healthplant.com.br\/wp-content\/uploads\/2023\/05\/Captura-de-tela-2023-09-29-144941-290x300.png 290w\" sizes=\"(max-width: 421px) 100vw, 421px\" \/><\/p>\n","protected":false},"featured_media":549,"template":"","meta":[],"product_cat":[22],"product_tag":[],"_links":{"self":[{"href":"https:\/\/healthplant.com.br\/index.php\/wp-json\/wp\/v2\/product\/548"}],"collection":[{"href":"https:\/\/healthplant.com.br\/index.php\/wp-json\/wp\/v2\/product"}],"about":[{"href":"https:\/\/healthplant.com.br\/index.php\/wp-json\/wp\/v2\/types\/product"}],"version-history":[{"count":2,"href":"https:\/\/healthplant.com.br\/index.php\/wp-json\/wp\/v2\/product\/548\/revisions"}],"predecessor-version":[{"id":918,"href":"https:\/\/healthplant.com.br\/index.php\/wp-json\/wp\/v2\/product\/548\/revisions\/918"}],"wp:featuredmedia":[{"embeddable":true,"href":"https:\/\/healthplant.com.br\/index.php\/wp-json\/wp\/v2\/media\/549"}],"wp:attachment":[{"href":"https:\/\/healthplant.com.br\/index.php\/wp-json\/wp\/v2\/media?parent=548"}],"wp:term":[{"taxonomy":"product_cat","embeddable":true,"href":"https:\/\/healthplant.com.br\/index.php\/wp-json\/wp\/v2\/product_cat?post=548"},{"taxonomy":"product_tag","embeddable":true,"href":"https:\/\/healthplant.com.br\/index.php\/wp-json\/wp\/v2\/product_tag?post=548"}],"curies":[{"name":"wp","href":"https:\/\/api.w.org\/{rel}","templated":true}]}}