{"id":540,"date":"2023-05-17T12:04:16","date_gmt":"2023-05-17T15:04:16","guid":{"rendered":"https:\/\/healthplant.com.br\/?post_type=product&#038;p=540"},"modified":"2023-09-29T15:04:27","modified_gmt":"2023-09-29T18:04:27","slug":"vitam-d3-30ml","status":"publish","type":"product","link":"https:\/\/healthplant.com.br\/index.php\/produto\/vitam-d3-30ml\/","title":{"rendered":"VITAM D3 &#8211; 30ML"},"content":{"rendered":"","protected":false},"excerpt":{"rendered":"<h2><strong>VITAM D3<\/strong><\/h2>\n<p>A Vitamina D auxilia: na forma\u00e7\u00e3o de ossos e dentes; na absor\u00e7\u00e3o de c\u00e1lcio e f\u00f3sforo; no funcionamento do sistema imune e no funcionamento muscular.<br \/>\nFonte de Vitamina D.<\/p>\n<p>INGREDIENTES<br \/>\nColecalciferol (Vitamina D3); Excipiente: \u00d3leo de girassol, aroma id\u00eantico ao natural de menta, acetato de tocoferol.<\/p>\n<p>SUGEST\u00c3O DE USO<br \/>\nMaiores de 19 anos. Ingerir 1 (uma) gota ao dia.<\/p>\n<p>&nbsp;<\/p>\n<p><img fetchpriority=\"high\" decoding=\"async\" class=\"alignnone wp-image-888 size-full\" src=\"http:\/\/healthplant.com.br\/wp-content\/uploads\/2023\/05\/Captura-de-tela-2023-09-29-145254.png\" alt=\"\" width=\"412\" height=\"240\" srcset=\"https:\/\/healthplant.com.br\/wp-content\/uploads\/2023\/05\/Captura-de-tela-2023-09-29-145254.png 412w, https:\/\/healthplant.com.br\/wp-content\/uploads\/2023\/05\/Captura-de-tela-2023-09-29-145254-300x175.png 300w\" sizes=\"(max-width: 412px) 100vw, 412px\" \/><\/p>\n","protected":false},"featured_media":541,"template":"","meta":[],"product_cat":[22],"product_tag":[],"_links":{"self":[{"href":"https:\/\/healthplant.com.br\/index.php\/wp-json\/wp\/v2\/product\/540"}],"collection":[{"href":"https:\/\/healthplant.com.br\/index.php\/wp-json\/wp\/v2\/product"}],"about":[{"href":"https:\/\/healthplant.com.br\/index.php\/wp-json\/wp\/v2\/types\/product"}],"version-history":[{"count":2,"href":"https:\/\/healthplant.com.br\/index.php\/wp-json\/wp\/v2\/product\/540\/revisions"}],"predecessor-version":[{"id":920,"href":"https:\/\/healthplant.com.br\/index.php\/wp-json\/wp\/v2\/product\/540\/revisions\/920"}],"wp:featuredmedia":[{"embeddable":true,"href":"https:\/\/healthplant.com.br\/index.php\/wp-json\/wp\/v2\/media\/541"}],"wp:attachment":[{"href":"https:\/\/healthplant.com.br\/index.php\/wp-json\/wp\/v2\/media?parent=540"}],"wp:term":[{"taxonomy":"product_cat","embeddable":true,"href":"https:\/\/healthplant.com.br\/index.php\/wp-json\/wp\/v2\/product_cat?post=540"},{"taxonomy":"product_tag","embeddable":true,"href":"https:\/\/healthplant.com.br\/index.php\/wp-json\/wp\/v2\/product_tag?post=540"}],"curies":[{"name":"wp","href":"https:\/\/api.w.org\/{rel}","templated":true}]}}