{"id":538,"date":"2023-05-17T12:02:55","date_gmt":"2023-05-17T15:02:55","guid":{"rendered":"https:\/\/healthplant.com.br\/?post_type=product&#038;p=538"},"modified":"2023-09-29T15:04:11","modified_gmt":"2023-09-29T18:04:11","slug":"sr-skin","status":"publish","type":"product","link":"https:\/\/healthplant.com.br\/index.php\/produto\/sr-skin\/","title":{"rendered":"SR SKIN"},"content":{"rendered":"","protected":false},"excerpt":{"rendered":"<h2><strong>SR SKIN<\/strong><\/h2>\n<p>A vitamina A contribui para a manuten\u00e7\u00e3o da pele e auxilia no funcionamento do sistema imune.<br \/>\nFortalece unhas e cabelos.<\/p>\n<p>INGREDIENTES<br \/>\n\u00c1cido ostosil\u00edcico estabilizado em cloreto de colina (sil\u00edcio), acetato de retinol (vitamina A) e<br \/>\nExcipiente: Silicato de magn\u00e9sio.<br \/>\nComposi\u00e7\u00e3o da c\u00e1psula: Gelatina e umectante Glicerina.<\/p>\n<p>SUGEST\u00c3O DE USO<br \/>\nMaiores de 19 anos. Ingerir 1 (uma) c\u00e1psula 2 vezes ao dia, 30 minutos antes das principais refei\u00e7\u00f5es.<\/p>\n<p><img fetchpriority=\"high\" decoding=\"async\" class=\"alignnone wp-image-880 size-full\" src=\"http:\/\/healthplant.com.br\/wp-content\/uploads\/2023\/05\/Captura-de-tela-2023-09-29-144638.png\" alt=\"\" width=\"421\" height=\"276\" srcset=\"https:\/\/healthplant.com.br\/wp-content\/uploads\/2023\/05\/Captura-de-tela-2023-09-29-144638.png 421w, https:\/\/healthplant.com.br\/wp-content\/uploads\/2023\/05\/Captura-de-tela-2023-09-29-144638-300x197.png 300w\" sizes=\"(max-width: 421px) 100vw, 421px\" \/><\/p>\n","protected":false},"featured_media":539,"template":"","meta":[],"product_cat":[22],"product_tag":[],"_links":{"self":[{"href":"https:\/\/healthplant.com.br\/index.php\/wp-json\/wp\/v2\/product\/538"}],"collection":[{"href":"https:\/\/healthplant.com.br\/index.php\/wp-json\/wp\/v2\/product"}],"about":[{"href":"https:\/\/healthplant.com.br\/index.php\/wp-json\/wp\/v2\/types\/product"}],"version-history":[{"count":2,"href":"https:\/\/healthplant.com.br\/index.php\/wp-json\/wp\/v2\/product\/538\/revisions"}],"predecessor-version":[{"id":916,"href":"https:\/\/healthplant.com.br\/index.php\/wp-json\/wp\/v2\/product\/538\/revisions\/916"}],"wp:featuredmedia":[{"embeddable":true,"href":"https:\/\/healthplant.com.br\/index.php\/wp-json\/wp\/v2\/media\/539"}],"wp:attachment":[{"href":"https:\/\/healthplant.com.br\/index.php\/wp-json\/wp\/v2\/media?parent=538"}],"wp:term":[{"taxonomy":"product_cat","embeddable":true,"href":"https:\/\/healthplant.com.br\/index.php\/wp-json\/wp\/v2\/product_cat?post=538"},{"taxonomy":"product_tag","embeddable":true,"href":"https:\/\/healthplant.com.br\/index.php\/wp-json\/wp\/v2\/product_tag?post=538"}],"curies":[{"name":"wp","href":"https:\/\/api.w.org\/{rel}","templated":true}]}}