{"id":536,"date":"2023-05-17T12:01:36","date_gmt":"2023-05-17T15:01:36","guid":{"rendered":"https:\/\/healthplant.com.br\/?post_type=product&#038;p=536"},"modified":"2023-09-29T15:03:56","modified_gmt":"2023-09-29T18:03:56","slug":"quitos-belt","status":"publish","type":"product","link":"https:\/\/healthplant.com.br\/index.php\/produto\/quitos-belt\/","title":{"rendered":"QUITOS BELT"},"content":{"rendered":"","protected":false},"excerpt":{"rendered":"<h2><strong>QUITOS BELT<\/strong><\/h2>\n<p>A vitamina C auxilia na forma\u00e7\u00e3o do col\u00e1geno e no metabolismo de prote\u00ednas e gorduras.<\/p>\n<p>INGREDIENTES<br \/>\nQuitosana, psyllium (plantago ovatae), col\u00e1geno hidrolisado em p\u00f3, creatina monohidratada, \u00e1cido asc\u00f3rbico (vitamina C). Composi\u00e7\u00e3o da c\u00e1psula: Gelatina e umectante Glicerina.<\/p>\n<p>SUGEST\u00c3O DE USO<br \/>\nMaiores de 19 anos. Ingerir 1 (uma) c\u00e1psula 2 vezes ao dia, 30 minutos antes das principais refei\u00e7\u00f5es.<\/p>\n<p><img fetchpriority=\"high\" decoding=\"async\" class=\"alignnone wp-image-876 size-full\" src=\"http:\/\/healthplant.com.br\/wp-content\/uploads\/2023\/05\/Captura-de-tela-2023-09-29-144253.png\" alt=\"\" width=\"422\" height=\"246\" srcset=\"https:\/\/healthplant.com.br\/wp-content\/uploads\/2023\/05\/Captura-de-tela-2023-09-29-144253.png 422w, https:\/\/healthplant.com.br\/wp-content\/uploads\/2023\/05\/Captura-de-tela-2023-09-29-144253-300x175.png 300w\" sizes=\"(max-width: 422px) 100vw, 422px\" \/><\/p>\n<p>&nbsp;<\/p>\n","protected":false},"featured_media":537,"template":"","meta":[],"product_cat":[22],"product_tag":[],"_links":{"self":[{"href":"https:\/\/healthplant.com.br\/index.php\/wp-json\/wp\/v2\/product\/536"}],"collection":[{"href":"https:\/\/healthplant.com.br\/index.php\/wp-json\/wp\/v2\/product"}],"about":[{"href":"https:\/\/healthplant.com.br\/index.php\/wp-json\/wp\/v2\/types\/product"}],"version-history":[{"count":2,"href":"https:\/\/healthplant.com.br\/index.php\/wp-json\/wp\/v2\/product\/536\/revisions"}],"predecessor-version":[{"id":914,"href":"https:\/\/healthplant.com.br\/index.php\/wp-json\/wp\/v2\/product\/536\/revisions\/914"}],"wp:featuredmedia":[{"embeddable":true,"href":"https:\/\/healthplant.com.br\/index.php\/wp-json\/wp\/v2\/media\/537"}],"wp:attachment":[{"href":"https:\/\/healthplant.com.br\/index.php\/wp-json\/wp\/v2\/media?parent=536"}],"wp:term":[{"taxonomy":"product_cat","embeddable":true,"href":"https:\/\/healthplant.com.br\/index.php\/wp-json\/wp\/v2\/product_cat?post=536"},{"taxonomy":"product_tag","embeddable":true,"href":"https:\/\/healthplant.com.br\/index.php\/wp-json\/wp\/v2\/product_tag?post=536"}],"curies":[{"name":"wp","href":"https:\/\/api.w.org\/{rel}","templated":true}]}}