{"id":534,"date":"2023-05-17T12:01:08","date_gmt":"2023-05-17T15:01:08","guid":{"rendered":"https:\/\/healthplant.com.br\/?post_type=product&#038;p=534"},"modified":"2023-09-29T15:03:25","modified_gmt":"2023-09-29T18:03:25","slug":"pre-force","status":"publish","type":"product","link":"https:\/\/healthplant.com.br\/index.php\/produto\/pre-force\/","title":{"rendered":"PR\u00c9-FORCE"},"content":{"rendered":"","protected":false},"excerpt":{"rendered":"<h2><strong>PR\u00c9-FORCE<\/strong><\/h2>\n<p>O magn\u00e9sio auxilia no metabolismo energ\u00e9tico, no metabolismo de prote\u00ednas, carboidratos e gorduras.<br \/>\nO magn\u00e9sio auxilia no funcionamento muscular e neuromuscular e no equil\u00edbrio dos eletr\u00f3litos.<br \/>\nA cafe\u00edna auxilia no aumento da capacidade de resist\u00eancia e no desempenho de exerc\u00edcios f\u00edsicos de alta resist\u00eancia<br \/>\nA cafe\u00edna auxilia no aumento do estado de alerta e na melhora da concentra\u00e7\u00e3o.<\/p>\n<p>INGREDIENTES<br \/>\nArginina, taurina, beta-alanina, bisglicinato de magn\u00e9sio (magn\u00e9sio), cafe\u00edna\/1,3,7- Trimethylxanthine. Excipiente: silicato de magn\u00e9sio. Composi\u00e7\u00e3o da c\u00e1psula: Gelatina e umectante glicerina.<\/p>\n<p>SUGEST\u00c3O DE USO<br \/>\nMaiores de 19 anos. Ingerir 4 (quatro) c\u00e1psulas ao dia, 1 hora antes da atividade f\u00edsica.<\/p>\n<p><img fetchpriority=\"high\" decoding=\"async\" class=\"alignnone wp-image-872 size-full\" src=\"http:\/\/healthplant.com.br\/wp-content\/uploads\/2023\/05\/Captura-de-tela-2023-09-29-143942.png\" alt=\"\" width=\"512\" height=\"444\" srcset=\"https:\/\/healthplant.com.br\/wp-content\/uploads\/2023\/05\/Captura-de-tela-2023-09-29-143942.png 512w, https:\/\/healthplant.com.br\/wp-content\/uploads\/2023\/05\/Captura-de-tela-2023-09-29-143942-300x260.png 300w\" sizes=\"(max-width: 512px) 100vw, 512px\" \/><\/p>\n","protected":false},"featured_media":535,"template":"","meta":[],"product_cat":[22],"product_tag":[],"_links":{"self":[{"href":"https:\/\/healthplant.com.br\/index.php\/wp-json\/wp\/v2\/product\/534"}],"collection":[{"href":"https:\/\/healthplant.com.br\/index.php\/wp-json\/wp\/v2\/product"}],"about":[{"href":"https:\/\/healthplant.com.br\/index.php\/wp-json\/wp\/v2\/types\/product"}],"version-history":[{"count":2,"href":"https:\/\/healthplant.com.br\/index.php\/wp-json\/wp\/v2\/product\/534\/revisions"}],"predecessor-version":[{"id":912,"href":"https:\/\/healthplant.com.br\/index.php\/wp-json\/wp\/v2\/product\/534\/revisions\/912"}],"wp:featuredmedia":[{"embeddable":true,"href":"https:\/\/healthplant.com.br\/index.php\/wp-json\/wp\/v2\/media\/535"}],"wp:attachment":[{"href":"https:\/\/healthplant.com.br\/index.php\/wp-json\/wp\/v2\/media?parent=534"}],"wp:term":[{"taxonomy":"product_cat","embeddable":true,"href":"https:\/\/healthplant.com.br\/index.php\/wp-json\/wp\/v2\/product_cat?post=534"},{"taxonomy":"product_tag","embeddable":true,"href":"https:\/\/healthplant.com.br\/index.php\/wp-json\/wp\/v2\/product_tag?post=534"}],"curies":[{"name":"wp","href":"https:\/\/api.w.org\/{rel}","templated":true}]}}