{"id":532,"date":"2023-05-17T12:00:44","date_gmt":"2023-05-17T15:00:44","guid":{"rendered":"https:\/\/healthplant.com.br\/?post_type=product&#038;p=532"},"modified":"2023-09-29T15:03:07","modified_gmt":"2023-09-29T18:03:07","slug":"ostplus","status":"publish","type":"product","link":"https:\/\/healthplant.com.br\/index.php\/produto\/ostplus\/","title":{"rendered":"OSTPLUS"},"content":{"rendered":"","protected":false},"excerpt":{"rendered":"<h2><strong>OSTPLUS<\/strong><\/h2>\n<p>Auxilia na manuten\u00e7\u00e3o da fun\u00e7\u00e3o articular.<br \/>\nAuxilia no funcionamento do sistema imune e na absor\u00e7\u00e3o de c\u00e1lcio e f\u00f3sforo.<br \/>\nContribui para o funcionamento muscular e neuromuscular.<br \/>\nAuxilia na forma\u00e7\u00e3o e manuten\u00e7\u00e3o de ossos e dentes<\/p>\n<p>INGREDIENTES<br \/>\nCol\u00e1geno de frango com col\u00e1geno tipo II n\u00e3o desnaturado, c\u00e1lcio (carbonato de c\u00e1lcio), magn\u00e9sio (bisglicinato de magn\u00e9sio), vitamina D (colecalciferol), Excipiente: silicato de magn\u00e9sio. Composi\u00e7\u00e3o da c\u00e1psula: Gelatina e umectante glicerina.<\/p>\n<p>SUGEST\u00c3O DE USO<br \/>\nMaiores de 19 anos. Ingerir 2 (duas) c\u00e1psulas ao dia, preferencialmente antes de dormir<\/p>\n<p>&nbsp;<\/p>\n<p><img fetchpriority=\"high\" decoding=\"async\" class=\"alignnone wp-image-868 size-full\" src=\"http:\/\/healthplant.com.br\/wp-content\/uploads\/2023\/05\/Captura-de-tela-2023-09-29-143644.png\" alt=\"\" width=\"406\" height=\"312\" srcset=\"https:\/\/healthplant.com.br\/wp-content\/uploads\/2023\/05\/Captura-de-tela-2023-09-29-143644.png 406w, https:\/\/healthplant.com.br\/wp-content\/uploads\/2023\/05\/Captura-de-tela-2023-09-29-143644-300x231.png 300w\" sizes=\"(max-width: 406px) 100vw, 406px\" \/><\/p>\n","protected":false},"featured_media":533,"template":"","meta":[],"product_cat":[22],"product_tag":[],"_links":{"self":[{"href":"https:\/\/healthplant.com.br\/index.php\/wp-json\/wp\/v2\/product\/532"}],"collection":[{"href":"https:\/\/healthplant.com.br\/index.php\/wp-json\/wp\/v2\/product"}],"about":[{"href":"https:\/\/healthplant.com.br\/index.php\/wp-json\/wp\/v2\/types\/product"}],"version-history":[{"count":3,"href":"https:\/\/healthplant.com.br\/index.php\/wp-json\/wp\/v2\/product\/532\/revisions"}],"predecessor-version":[{"id":910,"href":"https:\/\/healthplant.com.br\/index.php\/wp-json\/wp\/v2\/product\/532\/revisions\/910"}],"wp:featuredmedia":[{"embeddable":true,"href":"https:\/\/healthplant.com.br\/index.php\/wp-json\/wp\/v2\/media\/533"}],"wp:attachment":[{"href":"https:\/\/healthplant.com.br\/index.php\/wp-json\/wp\/v2\/media?parent=532"}],"wp:term":[{"taxonomy":"product_cat","embeddable":true,"href":"https:\/\/healthplant.com.br\/index.php\/wp-json\/wp\/v2\/product_cat?post=532"},{"taxonomy":"product_tag","embeddable":true,"href":"https:\/\/healthplant.com.br\/index.php\/wp-json\/wp\/v2\/product_tag?post=532"}],"curies":[{"name":"wp","href":"https:\/\/api.w.org\/{rel}","templated":true}]}}