{"id":530,"date":"2023-05-17T12:00:19","date_gmt":"2023-05-17T15:00:19","guid":{"rendered":"https:\/\/healthplant.com.br\/?post_type=product&#038;p=530"},"modified":"2023-08-17T17:00:57","modified_gmt":"2023-08-17T20:00:57","slug":"melatonina-30ml","status":"publish","type":"product","link":"https:\/\/healthplant.com.br\/index.php\/produto\/melatonina-30ml\/","title":{"rendered":"MELATONINA &#8211; 30ML"},"content":{"rendered":"","protected":false},"excerpt":{"rendered":"<h2><strong>MELATONINA 30 ML<\/strong><\/h2>\n<p><span style=\"font-size: 10pt;\">Melhora a qualidade do sono. V\u00e1rios estudos demonstram que a melatonina contribui para uma melhor qualidade do sono e ajuda a tratar a ins\u00f4nia, por aumentar o tempo total de sono e diminuir o tempo necess\u00e1rio para adormecer em crian\u00e7as e adultos.<\/span><\/p>\n<p><span style=\"font-size: 10pt;\">INGREDIENTES:<\/span><br \/>\n<span style=\"font-size: 10pt;\">\u00c1gua purificada, glicerina vegetal, melatonina, estabilizante \u00e1cido c\u00edtrico, conservante benzoato de s\u00f3dio, aroma id\u00eantico ao natural de maracuj\u00e1.<\/span><\/p>\n<p><span style=\"font-size: 10pt;\">N\u00c3O CONT\u00c9M GL\u00daTEN<\/span><\/p>\n<p><span style=\"font-size: 10pt;\">SUGEST\u00c3O DE USO:<\/span><br \/>\n<span style=\"font-size: 10pt;\">Maiores de 19 anos. Ingerir 1 (uma) gota \u00e1 noite antes de dormir.<\/span><\/p>\n<p><img fetchpriority=\"high\" decoding=\"async\" class=\"alignnone wp-image-838 \" src=\"http:\/\/healthplant.com.br\/wp-content\/uploads\/2023\/05\/b750bc16-d1d2-44fa-9bd0-0b2fb64619c5.jpg\" alt=\"\" width=\"391\" height=\"229\" srcset=\"https:\/\/healthplant.com.br\/wp-content\/uploads\/2023\/05\/b750bc16-d1d2-44fa-9bd0-0b2fb64619c5.jpg 486w, https:\/\/healthplant.com.br\/wp-content\/uploads\/2023\/05\/b750bc16-d1d2-44fa-9bd0-0b2fb64619c5-300x176.jpg 300w\" sizes=\"(max-width: 391px) 100vw, 391px\" \/><\/p>\n","protected":false},"featured_media":531,"template":"","meta":[],"product_cat":[22],"product_tag":[],"_links":{"self":[{"href":"https:\/\/healthplant.com.br\/index.php\/wp-json\/wp\/v2\/product\/530"}],"collection":[{"href":"https:\/\/healthplant.com.br\/index.php\/wp-json\/wp\/v2\/product"}],"about":[{"href":"https:\/\/healthplant.com.br\/index.php\/wp-json\/wp\/v2\/types\/product"}],"version-history":[{"count":1,"href":"https:\/\/healthplant.com.br\/index.php\/wp-json\/wp\/v2\/product\/530\/revisions"}],"predecessor-version":[{"id":839,"href":"https:\/\/healthplant.com.br\/index.php\/wp-json\/wp\/v2\/product\/530\/revisions\/839"}],"wp:featuredmedia":[{"embeddable":true,"href":"https:\/\/healthplant.com.br\/index.php\/wp-json\/wp\/v2\/media\/531"}],"wp:attachment":[{"href":"https:\/\/healthplant.com.br\/index.php\/wp-json\/wp\/v2\/media?parent=530"}],"wp:term":[{"taxonomy":"product_cat","embeddable":true,"href":"https:\/\/healthplant.com.br\/index.php\/wp-json\/wp\/v2\/product_cat?post=530"},{"taxonomy":"product_tag","embeddable":true,"href":"https:\/\/healthplant.com.br\/index.php\/wp-json\/wp\/v2\/product_tag?post=530"}],"curies":[{"name":"wp","href":"https:\/\/api.w.org\/{rel}","templated":true}]}}