{"id":528,"date":"2023-05-17T11:59:40","date_gmt":"2023-05-17T14:59:40","guid":{"rendered":"https:\/\/healthplant.com.br\/?post_type=product&#038;p=528"},"modified":"2023-08-17T17:11:52","modified_gmt":"2023-08-17T20:11:52","slug":"nutra-help-man","status":"publish","type":"product","link":"https:\/\/healthplant.com.br\/index.php\/produto\/nutra-help-man\/","title":{"rendered":"NUTRA HELP MAN"},"content":{"rendered":"","protected":false},"excerpt":{"rendered":"<h2><strong>NUTRA HELP MAN A-Z<\/strong><\/h2>\n<p><span style=\"font-size: 10pt;\">Fortalece o sistema imunol\u00f3gico.<\/span><br \/>\n<span style=\"font-size: 10pt;\">Fortalece ossos e dentes.<\/span><br \/>\n<span style=\"font-size: 10pt;\">Auxilia na vis\u00e3o.<\/span><br \/>\n<span style=\"font-size: 10pt;\">Auxilia no funcionamento neuromuscular.<\/span><br \/>\n<span style=\"font-size: 10pt;\">Melhora o funcionamento da mem\u00f3ria.<\/span><br \/>\n<span style=\"font-size: 10pt;\">Diminui os n\u00edveis de estresse.<\/span><br \/>\n<span style=\"font-size: 10pt;\">Melhora a absor\u00e7\u00e3o de col\u00e1geno.<\/span><br \/>\n<span style=\"font-size: 10pt;\">Aumenta a energia e disposi\u00e7\u00e3o.<\/span><\/p>\n<p><span style=\"font-size: 10pt;\">INGREDIENTES:<\/span><br \/>\n<span style=\"font-size: 10pt;\">vitamina A (acetato de retinol), vitamina B1 <\/span><span style=\"font-size: 10pt;\">(tiamina), vitamina B2 (riboflavina), vitamina B3 <\/span><span style=\"font-size: 10pt;\">(niacina), \u00e1cido pantot\u00eanico (d-pantotenato <\/span><span style=\"font-size: 10pt;\">de c\u00e1lcio), vitamina B6 (cloridrato de <\/span><span style=\"font-size: 10pt;\">piridoxina), vitamina B12 (cianocobalamina),<\/span><br \/>\n<span style=\"font-size: 10pt;\">vitamina B9 ( \u00e1cido f\u00f3lico), vitamina C (\u00e1cido <\/span><span style=\"font-size: 10pt;\">asc\u00f3rbico), vitamina D (colecalciferol), <\/span><span style=\"font-size: 10pt;\">vitamina E (acetato de DL-alfa tocoferol), <\/span><span style=\"font-size: 10pt;\">vitamina K (menaquinona-7), c\u00e1lcio <\/span><span style=\"font-size: 10pt;\">(carbonato de c\u00e1lcio), cobre (bisglicinato de <\/span><span style=\"font-size: 10pt;\">cobre), sel\u00eanio (selenito de s\u00f3dio), zinco <\/span><span style=\"font-size: 10pt;\">(bisglicinato de zinco), d-biotina, ferro <\/span><span style=\"font-size: 10pt;\">(bisglicinato ferroso), cromo (picolinato de <\/span><span style=\"font-size: 10pt;\">cromo), magn\u00e9sio ( bisglicinato de magn\u00e9sio). <\/span><span style=\"font-size: 10pt;\">Excipiente: Silicato de magn\u00e9sio. Composi\u00e7\u00e3o <\/span><span style=\"font-size: 10pt;\">da c\u00e1psula: Gelatina e umectante glicerina.<\/span><\/p>\n<p><span style=\"font-size: 10pt;\">FORMULA ESPECIAL COM 21 NUTRIENTES<\/span><br \/>\n<span style=\"font-size: 10pt;\">N\u00c3O CONT\u00c9M GL\u00daTEN<\/span><br \/>\n<span style=\"font-size: 10pt;\">N\u00c3O CONT\u00c9M CALORIAS<\/span><br \/>\n<span style=\"font-size: 10pt;\">N\u00c3O CONT\u00c9M A\u00c7\u00daCARES<\/span><\/p>\n<p><span style=\"font-size: 10pt;\">SUGEST\u00c3O DE USO:<\/span><br \/>\n<span style=\"font-size: 10pt;\">Maiores de 19 anos. Ingerir 2 (duas) <\/span><span style=\"font-size: 10pt;\">c\u00e1psulas ao dia, ou conforme orienta\u00e7\u00e3o <\/span><span style=\"font-size: 10pt;\">de um profissional habilitado.<\/span><\/p>\n<p><img fetchpriority=\"high\" decoding=\"async\" class=\"alignnone wp-image-848 \" src=\"http:\/\/healthplant.com.br\/wp-content\/uploads\/2023\/05\/8c0f472a-8d7c-4716-bfe9-804c5407644b.jpg\" alt=\"\" width=\"545\" height=\"329\" srcset=\"https:\/\/healthplant.com.br\/wp-content\/uploads\/2023\/05\/8c0f472a-8d7c-4716-bfe9-804c5407644b.jpg 745w, https:\/\/healthplant.com.br\/wp-content\/uploads\/2023\/05\/8c0f472a-8d7c-4716-bfe9-804c5407644b-300x181.jpg 300w, https:\/\/healthplant.com.br\/wp-content\/uploads\/2023\/05\/8c0f472a-8d7c-4716-bfe9-804c5407644b-600x362.jpg 600w\" sizes=\"(max-width: 545px) 100vw, 545px\" \/><\/p>\n","protected":false},"featured_media":529,"template":"","meta":[],"product_cat":[22],"product_tag":[],"_links":{"self":[{"href":"https:\/\/healthplant.com.br\/index.php\/wp-json\/wp\/v2\/product\/528"}],"collection":[{"href":"https:\/\/healthplant.com.br\/index.php\/wp-json\/wp\/v2\/product"}],"about":[{"href":"https:\/\/healthplant.com.br\/index.php\/wp-json\/wp\/v2\/types\/product"}],"version-history":[{"count":1,"href":"https:\/\/healthplant.com.br\/index.php\/wp-json\/wp\/v2\/product\/528\/revisions"}],"predecessor-version":[{"id":849,"href":"https:\/\/healthplant.com.br\/index.php\/wp-json\/wp\/v2\/product\/528\/revisions\/849"}],"wp:featuredmedia":[{"embeddable":true,"href":"https:\/\/healthplant.com.br\/index.php\/wp-json\/wp\/v2\/media\/529"}],"wp:attachment":[{"href":"https:\/\/healthplant.com.br\/index.php\/wp-json\/wp\/v2\/media?parent=528"}],"wp:term":[{"taxonomy":"product_cat","embeddable":true,"href":"https:\/\/healthplant.com.br\/index.php\/wp-json\/wp\/v2\/product_cat?post=528"},{"taxonomy":"product_tag","embeddable":true,"href":"https:\/\/healthplant.com.br\/index.php\/wp-json\/wp\/v2\/product_tag?post=528"}],"curies":[{"name":"wp","href":"https:\/\/api.w.org\/{rel}","templated":true}]}}