{"id":526,"date":"2023-05-17T11:58:31","date_gmt":"2023-05-17T14:58:31","guid":{"rendered":"https:\/\/healthplant.com.br\/?post_type=product&#038;p=526"},"modified":"2023-08-17T17:09:34","modified_gmt":"2023-08-17T20:09:34","slug":"nutra-help-femme","status":"publish","type":"product","link":"https:\/\/healthplant.com.br\/index.php\/produto\/nutra-help-femme\/","title":{"rendered":"NUTRA HELP FEMME"},"content":{"rendered":"","protected":false},"excerpt":{"rendered":"<h2><strong>NUTRA HELP FEMME A-Z<\/strong><\/h2>\n<p><span style=\"font-size: 10pt;\">Fortalece o sistema imunol\u00f3gico.<\/span><br \/>\n<span style=\"font-size: 10pt;\">Fortalece ossos e dentes.<\/span><br \/>\n<span style=\"font-size: 10pt;\">Auxilia na vis\u00e3o.<\/span><br \/>\n<span style=\"font-size: 10pt;\">Auxilia no funcionamento neuromuscular.<\/span><br \/>\n<span style=\"font-size: 10pt;\">Melhora o funcionamento da mem\u00f3ria<\/span><br \/>\n<span style=\"font-size: 10pt;\">Diminui os n\u00edveis de estresse.<\/span><br \/>\n<span style=\"font-size: 10pt;\">Melhora a absor\u00e7\u00e3o de col\u00e1geno.<\/span><br \/>\n<span style=\"font-size: 10pt;\">Aumenta a energia e disposi\u00e7\u00e3o.<\/span><\/p>\n<p><span style=\"font-size: 10pt;\">INGREDIENTES:<\/span><br \/>\n<span style=\"font-size: 10pt;\">Vitamina A (acetato de retinol), vitamina B1 <\/span><span style=\"font-size: 10pt;\">(tiamina), vitamina B2 (riboflavina), vitamina <\/span><span style=\"font-size: 10pt;\">B3 (niacina), \u00e1cido pantot\u00eanico (dpantotenato de c\u00e1lcio), vitamina B6 <\/span><span style=\"font-size: 10pt;\">(cloridrato de piridoxina), vitamina B12 <\/span><span style=\"font-size: 10pt;\">(cianocobalamina), vitamina B9 ( \u00e1cido <\/span><span style=\"font-size: 10pt;\">f\u00f3lico), vitamina C (\u00e1cido asc\u00f3rbico), vitamina <\/span><span style=\"font-size: 10pt;\">D (colecalciferol), vitamina E ( acetato de DLalfa tocoferol), vitamina K (menaquinona-7), <\/span><span style=\"font-size: 10pt;\">c\u00e1lcio (carbonato de c\u00e1lcio), cobre <\/span><span style=\"font-size: 10pt;\">(bisglicinato de cobre), sel\u00eanio (selenito de <\/span><span style=\"font-size: 10pt;\">s\u00f3dio), zinco (bisglicinato de zinco), dbiotina, ferro (bisglicinato ferroso), cromo <\/span><span style=\"font-size: 10pt;\">(pi col inato de c romo), magn\u00e9s io (<\/span><span style=\"font-size: 10pt;\">bisglicinato de marn\u00e9sio). Excipiente: Silicato <\/span><span style=\"font-size: 10pt;\">de magn\u00e9sio. Composi\u00e7\u00e3o da c\u00e1psula:<\/span><br \/>\n<span style=\"font-size: 10pt;\">Gelatina e umectante glicerina.<\/span><\/p>\n<p><span style=\"font-size: 10pt;\">FORMULA ESPECIAL COM 21 NUTRIENTES<\/span><br \/>\n<span style=\"font-size: 10pt;\">N\u00c3O CONT\u00c9M GL\u00daTEN<\/span><br \/>\n<span style=\"font-size: 10pt;\">N\u00c3O CONT\u00c9M CALORIAS<\/span><br \/>\n<span style=\"font-size: 10pt;\">N\u00c3O CONT\u00c9M A\u00c7\u00daCARES<\/span><\/p>\n<p><span style=\"font-size: 10pt;\">SUGEST\u00c3O DE USO:<\/span><br \/>\n<span style=\"font-size: 10pt;\">Maiores de 19 anos. Ingerir 2 (duas) <\/span><span style=\"font-size: 10pt;\">c\u00e1psulas ao dia, ou conforme orienta\u00e7\u00e3o <\/span><span style=\"font-size: 10pt;\">de um profissional habilitado.<\/span><\/p>\n<p><img fetchpriority=\"high\" decoding=\"async\" class=\"alignnone wp-image-846 \" src=\"http:\/\/healthplant.com.br\/wp-content\/uploads\/2023\/05\/5e2550fc-aeb0-40d8-b812-1b9b4cd76a8e.jpg\" alt=\"\" width=\"575\" height=\"334\" srcset=\"https:\/\/healthplant.com.br\/wp-content\/uploads\/2023\/05\/5e2550fc-aeb0-40d8-b812-1b9b4cd76a8e.jpg 796w, https:\/\/healthplant.com.br\/wp-content\/uploads\/2023\/05\/5e2550fc-aeb0-40d8-b812-1b9b4cd76a8e-300x174.jpg 300w, https:\/\/healthplant.com.br\/wp-content\/uploads\/2023\/05\/5e2550fc-aeb0-40d8-b812-1b9b4cd76a8e-768x446.jpg 768w, https:\/\/healthplant.com.br\/wp-content\/uploads\/2023\/05\/5e2550fc-aeb0-40d8-b812-1b9b4cd76a8e-600x348.jpg 600w\" sizes=\"(max-width: 575px) 100vw, 575px\" \/><\/p>\n","protected":false},"featured_media":527,"template":"","meta":[],"product_cat":[22],"product_tag":[],"_links":{"self":[{"href":"https:\/\/healthplant.com.br\/index.php\/wp-json\/wp\/v2\/product\/526"}],"collection":[{"href":"https:\/\/healthplant.com.br\/index.php\/wp-json\/wp\/v2\/product"}],"about":[{"href":"https:\/\/healthplant.com.br\/index.php\/wp-json\/wp\/v2\/types\/product"}],"version-history":[{"count":1,"href":"https:\/\/healthplant.com.br\/index.php\/wp-json\/wp\/v2\/product\/526\/revisions"}],"predecessor-version":[{"id":847,"href":"https:\/\/healthplant.com.br\/index.php\/wp-json\/wp\/v2\/product\/526\/revisions\/847"}],"wp:featuredmedia":[{"embeddable":true,"href":"https:\/\/healthplant.com.br\/index.php\/wp-json\/wp\/v2\/media\/527"}],"wp:attachment":[{"href":"https:\/\/healthplant.com.br\/index.php\/wp-json\/wp\/v2\/media?parent=526"}],"wp:term":[{"taxonomy":"product_cat","embeddable":true,"href":"https:\/\/healthplant.com.br\/index.php\/wp-json\/wp\/v2\/product_cat?post=526"},{"taxonomy":"product_tag","embeddable":true,"href":"https:\/\/healthplant.com.br\/index.php\/wp-json\/wp\/v2\/product_tag?post=526"}],"curies":[{"name":"wp","href":"https:\/\/api.w.org\/{rel}","templated":true}]}}