{"id":524,"date":"2023-05-17T11:57:55","date_gmt":"2023-05-17T14:57:55","guid":{"rendered":"https:\/\/healthplant.com.br\/?post_type=product&#038;p=524"},"modified":"2023-08-17T17:06:15","modified_gmt":"2023-08-17T20:06:15","slug":"nutra-hair","status":"publish","type":"product","link":"https:\/\/healthplant.com.br\/index.php\/produto\/nutra-hair\/","title":{"rendered":"NUTRA HAIR"},"content":{"rendered":"","protected":false},"excerpt":{"rendered":"<h2><strong>NUTRA HAIR<\/strong><\/h2>\n<p><span style=\"font-size: 10pt;\">Auxilia no crescimento mais r\u00e1pido dos cabelos.<\/span><br \/>\n<span style=\"font-size: 10pt;\">Atua na hidrata\u00e7\u00e3o e fortalecimento dos fios.\u00a0<\/span><br \/>\n<span style=\"font-size: 10pt;\">Auxilia na sa\u00fade da pele.<\/span><br \/>\n<span style=\"font-size: 10pt;\">Auxilia no crescimento das unhas.<\/span><\/p>\n<p><span style=\"font-size: 10pt;\">INGREDIENTES:<\/span><br \/>\n<span style=\"font-size: 10pt;\">Ciste\u00edna, Vitamina C (\u00e1cido asc\u00f3rbico), vitamina B3 (niacina), \u00e1cido pantot\u00eanico (dpantotenato de c\u00e1lcio), vitamina B6 (cloridrato de piridoxina), zinco (bisglicinato de zinco), d-biotina. Excipiente: Silicato de magn\u00e9sio. Composi\u00e7\u00e3o da c\u00e1psula: Gelatina e umectante glicerina.<\/span><\/p>\n<p><span style=\"font-size: 10pt;\">FORMULADO COM OS MELHORES NUTRIENTES PARA CABELO, PELE E UNHA <\/span><br \/>\n<span style=\"font-size: 10pt;\">N\u00c3O CONT\u00c9M GL\u00daTEN<\/span><\/p>\n<p><span style=\"font-size: 10pt;\">SUGEST\u00c3O DE USO:<\/span><br \/>\n<span style=\"font-size: 10pt;\">Maiores de 19 anos. Ingerir 2 (duas) c\u00e1psula ao dia pela manh\u00e3.<\/span><\/p>\n<p><img fetchpriority=\"high\" decoding=\"async\" class=\"alignnone wp-image-844 \" src=\"http:\/\/healthplant.com.br\/wp-content\/uploads\/2023\/05\/06e2df2d-1f3d-40db-ae5f-5dbaeff8bf7b.jpg\" alt=\"\" width=\"454\" height=\"300\" srcset=\"https:\/\/healthplant.com.br\/wp-content\/uploads\/2023\/05\/06e2df2d-1f3d-40db-ae5f-5dbaeff8bf7b.jpg 728w, https:\/\/healthplant.com.br\/wp-content\/uploads\/2023\/05\/06e2df2d-1f3d-40db-ae5f-5dbaeff8bf7b-300x198.jpg 300w, https:\/\/healthplant.com.br\/wp-content\/uploads\/2023\/05\/06e2df2d-1f3d-40db-ae5f-5dbaeff8bf7b-600x396.jpg 600w\" sizes=\"(max-width: 454px) 100vw, 454px\" \/><\/p>\n","protected":false},"featured_media":525,"template":"","meta":[],"product_cat":[22],"product_tag":[],"_links":{"self":[{"href":"https:\/\/healthplant.com.br\/index.php\/wp-json\/wp\/v2\/product\/524"}],"collection":[{"href":"https:\/\/healthplant.com.br\/index.php\/wp-json\/wp\/v2\/product"}],"about":[{"href":"https:\/\/healthplant.com.br\/index.php\/wp-json\/wp\/v2\/types\/product"}],"version-history":[{"count":1,"href":"https:\/\/healthplant.com.br\/index.php\/wp-json\/wp\/v2\/product\/524\/revisions"}],"predecessor-version":[{"id":845,"href":"https:\/\/healthplant.com.br\/index.php\/wp-json\/wp\/v2\/product\/524\/revisions\/845"}],"wp:featuredmedia":[{"embeddable":true,"href":"https:\/\/healthplant.com.br\/index.php\/wp-json\/wp\/v2\/media\/525"}],"wp:attachment":[{"href":"https:\/\/healthplant.com.br\/index.php\/wp-json\/wp\/v2\/media?parent=524"}],"wp:term":[{"taxonomy":"product_cat","embeddable":true,"href":"https:\/\/healthplant.com.br\/index.php\/wp-json\/wp\/v2\/product_cat?post=524"},{"taxonomy":"product_tag","embeddable":true,"href":"https:\/\/healthplant.com.br\/index.php\/wp-json\/wp\/v2\/product_tag?post=524"}],"curies":[{"name":"wp","href":"https:\/\/api.w.org\/{rel}","templated":true}]}}