{"id":522,"date":"2023-05-17T11:57:24","date_gmt":"2023-05-17T14:57:24","guid":{"rendered":"https:\/\/healthplant.com.br\/?post_type=product&#038;p=522"},"modified":"2023-08-17T17:04:59","modified_gmt":"2023-08-17T20:04:59","slug":"multivitaminico-a-z-60-capsulas","status":"publish","type":"product","link":"https:\/\/healthplant.com.br\/index.php\/produto\/multivitaminico-a-z-60-capsulas\/","title":{"rendered":"MULTIVITAM\u00cdNICO A-Z &#8211; 60 C\u00c1PSULAS"},"content":{"rendered":"","protected":false},"excerpt":{"rendered":"<h2><strong>MULTIVITAM\u00cdNICO A-Z<\/strong><\/h2>\n<p><span style=\"font-size: 10pt;\">Rico em vitaminas e minerais de A a Zinco.<\/span><br \/>\n<span style=\"font-size: 10pt;\">Auxilia na forma\u00e7\u00e3o de c\u00e9lulas vermelhas no sangue.<\/span><br \/>\n<span style=\"font-size: 10pt;\">Ajuda no funcionamento do sistema imune.<\/span><br \/>\n<span style=\"font-size: 10pt;\">Contribui para manuten\u00e7\u00e3o do cabelo, pele e unhas.<\/span><br \/>\n<span style=\"font-size: 10pt;\">Ajuda na manuten\u00e7\u00e3o dos ossos.<\/span><br \/>\n<span style=\"font-size: 10pt;\">Auxilia na vis\u00e3o.<\/span><\/p>\n<p><span style=\"font-size: 10pt;\">INGREDIENTES:<\/span><br \/>\n<span style=\"font-size: 10pt;\">Vitamina A (acetato de retinol), tiamina (vitamina B1), riboflavina (Vitamina B2), niacina (vitamina B3), \u00e1cido pantot\u00eanico (vitamina B5), cloridrato de piridoxina (vitamina B6), cianocobalamina (vitamina B12), \u00e1cido f\u00f3lico (vitamina B9), \u00e1cido asc\u00f3rbico (vitamina C), colecalciferol (vitamina D), acetato de Dl-alfa-tocoferol (vitamina E), biotina, c\u00e1lcio (carbonato de<\/span><br \/>\n<span style=\"font-size: 10pt;\">c\u00e1lcio), sel\u00eanio (selenito de s\u00f3dio), zinco (sulfato de zinco monoidratado), ferro (bisglicinato ferroso). Excipiente: Silicato de magn\u00e9sio. Composi\u00e7\u00e3o da c\u00e1psula: gelatina e umectante glicerina.<\/span><\/p>\n<p>&nbsp;<\/p>\n<p><span style=\"font-size: 10pt;\">N\u00c3O CONT\u00c9M CALORIAS<\/span><br \/>\n<span style=\"font-size: 10pt;\">N\u00c3O CONT\u00c9M GL\u00daTEN<\/span><br \/>\n<span style=\"font-size: 10pt;\">N\u00c3O CONT\u00c9M LACTOSE<\/span><br \/>\n<span style=\"font-size: 10pt;\">N\u00c3O CONT\u00c9M A\u00c7\u00daCARES<\/span><\/p>\n<p><span style=\"font-size: 10pt;\">SUGEST\u00c3O DE USO:<\/span><br \/>\n<span style=\"font-size: 10pt;\">Maiores de 19 anos. Ingerir 2 (duas) c\u00e1psulas ao dia, ou conforme orienta\u00e7\u00e3o de um profissional habilitado.<\/span><\/p>\n<p><img fetchpriority=\"high\" decoding=\"async\" class=\"alignnone wp-image-842 \" src=\"http:\/\/healthplant.com.br\/wp-content\/uploads\/2023\/05\/cde2fc1a-070c-4138-b843-da8b20e9a67c.jpg\" alt=\"\" width=\"511\" height=\"265\" srcset=\"https:\/\/healthplant.com.br\/wp-content\/uploads\/2023\/05\/cde2fc1a-070c-4138-b843-da8b20e9a67c.jpg 903w, https:\/\/healthplant.com.br\/wp-content\/uploads\/2023\/05\/cde2fc1a-070c-4138-b843-da8b20e9a67c-300x155.jpg 300w, https:\/\/healthplant.com.br\/wp-content\/uploads\/2023\/05\/cde2fc1a-070c-4138-b843-da8b20e9a67c-768x398.jpg 768w, https:\/\/healthplant.com.br\/wp-content\/uploads\/2023\/05\/cde2fc1a-070c-4138-b843-da8b20e9a67c-600x311.jpg 600w\" sizes=\"(max-width: 511px) 100vw, 511px\" \/><\/p>\n","protected":false},"featured_media":523,"template":"","meta":[],"product_cat":[22],"product_tag":[],"_links":{"self":[{"href":"https:\/\/healthplant.com.br\/index.php\/wp-json\/wp\/v2\/product\/522"}],"collection":[{"href":"https:\/\/healthplant.com.br\/index.php\/wp-json\/wp\/v2\/product"}],"about":[{"href":"https:\/\/healthplant.com.br\/index.php\/wp-json\/wp\/v2\/types\/product"}],"version-history":[{"count":1,"href":"https:\/\/healthplant.com.br\/index.php\/wp-json\/wp\/v2\/product\/522\/revisions"}],"predecessor-version":[{"id":843,"href":"https:\/\/healthplant.com.br\/index.php\/wp-json\/wp\/v2\/product\/522\/revisions\/843"}],"wp:featuredmedia":[{"embeddable":true,"href":"https:\/\/healthplant.com.br\/index.php\/wp-json\/wp\/v2\/media\/523"}],"wp:attachment":[{"href":"https:\/\/healthplant.com.br\/index.php\/wp-json\/wp\/v2\/media?parent=522"}],"wp:term":[{"taxonomy":"product_cat","embeddable":true,"href":"https:\/\/healthplant.com.br\/index.php\/wp-json\/wp\/v2\/product_cat?post=522"},{"taxonomy":"product_tag","embeddable":true,"href":"https:\/\/healthplant.com.br\/index.php\/wp-json\/wp\/v2\/product_tag?post=522"}],"curies":[{"name":"wp","href":"https:\/\/api.w.org\/{rel}","templated":true}]}}