{"id":520,"date":"2023-05-17T11:56:40","date_gmt":"2023-05-17T14:56:40","guid":{"rendered":"https:\/\/healthplant.com.br\/?post_type=product&#038;p=520"},"modified":"2023-08-17T17:01:59","modified_gmt":"2023-08-17T20:01:59","slug":"moro-slim","status":"publish","type":"product","link":"https:\/\/healthplant.com.br\/index.php\/produto\/moro-slim\/","title":{"rendered":"MORO SLIM"},"content":{"rendered":"","protected":false},"excerpt":{"rendered":"<h2><strong>MORO SLIM<\/strong><\/h2>\n<p><span style=\"font-size: 10pt;\">Extrato de Laranja Moro: Fonte de <\/span><span style=\"font-size: 10pt;\">Antocianinas.<\/span><br \/>\n<span style=\"font-size: 10pt;\">O Cromo: Auxilia no metabolismo <\/span><span style=\"font-size: 10pt;\">de prote\u00ednas, carboidratos e <\/span><span style=\"font-size: 10pt;\">gorduras.<\/span><\/p>\n<p><span style=\"font-size: 10pt;\">INGREDIENTES:<\/span><br \/>\n<span style=\"font-size: 10pt;\">Extrato de Laramja Moro (Citrus <\/span><span style=\"font-size: 10pt;\">Sinensis L. Osbeck). Caf\u00e9 verde em <\/span><span style=\"font-size: 10pt;\">p \u00f3 , P i c o l i n a t o d e C r o m o . <\/span><span style=\"font-size: 10pt;\">Composi\u00e7\u00e3o da c\u00e1psula: Gelatina e <\/span><span style=\"font-size: 10pt;\">umectante Glicerina.<\/span><\/p>\n<p><span style=\"font-size: 10pt;\">N\u00c3O CONT\u00c9M A\u00c7\u00daCAR N\u00c3O CONT\u00c9M GL\u00daTEN<\/span><\/p>\n<p><span style=\"font-size: 10pt;\">SUGEST\u00c3O DE USO:<\/span><br \/>\n<span style=\"font-size: 10pt;\">Maiores de 19 anos. Ingerir 2 (duas) <\/span><span style=\"font-size: 10pt;\">c\u00e1psulas ao dia, ap\u00f3s o caf\u00e9 da manh\u00e3.<\/span><\/p>\n<p><img fetchpriority=\"high\" decoding=\"async\" class=\"alignnone wp-image-840 \" src=\"http:\/\/healthplant.com.br\/wp-content\/uploads\/2023\/05\/2f0f9ad7-e230-4870-8ab3-c7a33978b3a1.jpg\" alt=\"\" width=\"369\" height=\"268\" srcset=\"https:\/\/healthplant.com.br\/wp-content\/uploads\/2023\/05\/2f0f9ad7-e230-4870-8ab3-c7a33978b3a1.jpg 496w, https:\/\/healthplant.com.br\/wp-content\/uploads\/2023\/05\/2f0f9ad7-e230-4870-8ab3-c7a33978b3a1-300x218.jpg 300w\" sizes=\"(max-width: 369px) 100vw, 369px\" \/><\/p>\n","protected":false},"featured_media":521,"template":"","meta":[],"product_cat":[22],"product_tag":[],"_links":{"self":[{"href":"https:\/\/healthplant.com.br\/index.php\/wp-json\/wp\/v2\/product\/520"}],"collection":[{"href":"https:\/\/healthplant.com.br\/index.php\/wp-json\/wp\/v2\/product"}],"about":[{"href":"https:\/\/healthplant.com.br\/index.php\/wp-json\/wp\/v2\/types\/product"}],"version-history":[{"count":1,"href":"https:\/\/healthplant.com.br\/index.php\/wp-json\/wp\/v2\/product\/520\/revisions"}],"predecessor-version":[{"id":841,"href":"https:\/\/healthplant.com.br\/index.php\/wp-json\/wp\/v2\/product\/520\/revisions\/841"}],"wp:featuredmedia":[{"embeddable":true,"href":"https:\/\/healthplant.com.br\/index.php\/wp-json\/wp\/v2\/media\/521"}],"wp:attachment":[{"href":"https:\/\/healthplant.com.br\/index.php\/wp-json\/wp\/v2\/media?parent=520"}],"wp:term":[{"taxonomy":"product_cat","embeddable":true,"href":"https:\/\/healthplant.com.br\/index.php\/wp-json\/wp\/v2\/product_cat?post=520"},{"taxonomy":"product_tag","embeddable":true,"href":"https:\/\/healthplant.com.br\/index.php\/wp-json\/wp\/v2\/product_tag?post=520"}],"curies":[{"name":"wp","href":"https:\/\/api.w.org\/{rel}","templated":true}]}}