{"id":518,"date":"2023-05-17T11:55:02","date_gmt":"2023-05-17T14:55:02","guid":{"rendered":"https:\/\/healthplant.com.br\/?post_type=product&#038;p=518"},"modified":"2023-08-17T16:59:14","modified_gmt":"2023-08-17T19:59:14","slug":"magnesio-treonato","status":"publish","type":"product","link":"https:\/\/healthplant.com.br\/index.php\/produto\/magnesio-treonato\/","title":{"rendered":"MAGN\u00c9SIO TREONATO"},"content":{"rendered":"","protected":false},"excerpt":{"rendered":"<h2><strong>MAGN\u00c9SIO TREONATO<\/strong><\/h2>\n<p><span style=\"font-size: 10pt;\">Melhora as fun\u00e7\u00f5es cognitivas.<\/span><br \/>\n<span style=\"font-size: 10pt;\">Melhora a concentra\u00e7\u00e3o.<\/span><br \/>\n<span style=\"font-size: 10pt;\">Auxilia na mem\u00f3ria e no aprendizado.<\/span><br \/>\n<span style=\"font-size: 10pt;\">Contribui para uma melhor absor\u00e7\u00e3o do C\u00e1lcio do organismo.<\/span><\/p>\n<p><span style=\"font-size: 10pt;\">INGREDIENTES:<\/span><br \/>\n<span style=\"font-size: 10pt;\">Dimagn\u00e9sio malato e Treonina. Excipiente: Silicato de magn\u00e9sio (INS 553i).<\/span><br \/>\n<span style=\"font-size: 10pt;\">Composi\u00e7\u00e3o da c\u00e1psula: Gelatina e umectante glicerina.<\/span><\/p>\n<p><span style=\"font-size: 10pt;\">ALTO TEOR DE MAGN\u00c9SIO<\/span><br \/>\n<span style=\"font-size: 10pt;\">N\u00c3O CONT\u00c9M CALORIAS<\/span><br \/>\n<span style=\"font-size: 10pt;\">N\u00c3O CONT\u00c9M A\u00c7\u00daCARES<\/span><br \/>\n<span style=\"font-size: 10pt;\">N\u00c3O CONT\u00c9M GL\u00daTEN<\/span><\/p>\n<p><span style=\"font-size: 10pt;\">SUGEST\u00c3O DE USO:<\/span><br \/>\n<span style=\"font-size: 10pt;\">Maiores de 19 anos. Ingerir 2 (duas) c\u00e1psulas ao dia, preferencialmente antes de dormir.<\/span><\/p>\n<p><img fetchpriority=\"high\" decoding=\"async\" class=\"alignnone wp-image-836 \" src=\"http:\/\/healthplant.com.br\/wp-content\/uploads\/2023\/05\/43416790-af73-46ff-8326-3f0525fcc30a.jpg\" alt=\"\" width=\"349\" height=\"226\" srcset=\"https:\/\/healthplant.com.br\/wp-content\/uploads\/2023\/05\/43416790-af73-46ff-8326-3f0525fcc30a.jpg 489w, https:\/\/healthplant.com.br\/wp-content\/uploads\/2023\/05\/43416790-af73-46ff-8326-3f0525fcc30a-300x194.jpg 300w\" sizes=\"(max-width: 349px) 100vw, 349px\" \/><\/p>\n","protected":false},"featured_media":519,"template":"","meta":[],"product_cat":[22],"product_tag":[],"_links":{"self":[{"href":"https:\/\/healthplant.com.br\/index.php\/wp-json\/wp\/v2\/product\/518"}],"collection":[{"href":"https:\/\/healthplant.com.br\/index.php\/wp-json\/wp\/v2\/product"}],"about":[{"href":"https:\/\/healthplant.com.br\/index.php\/wp-json\/wp\/v2\/types\/product"}],"version-history":[{"count":1,"href":"https:\/\/healthplant.com.br\/index.php\/wp-json\/wp\/v2\/product\/518\/revisions"}],"predecessor-version":[{"id":837,"href":"https:\/\/healthplant.com.br\/index.php\/wp-json\/wp\/v2\/product\/518\/revisions\/837"}],"wp:featuredmedia":[{"embeddable":true,"href":"https:\/\/healthplant.com.br\/index.php\/wp-json\/wp\/v2\/media\/519"}],"wp:attachment":[{"href":"https:\/\/healthplant.com.br\/index.php\/wp-json\/wp\/v2\/media?parent=518"}],"wp:term":[{"taxonomy":"product_cat","embeddable":true,"href":"https:\/\/healthplant.com.br\/index.php\/wp-json\/wp\/v2\/product_cat?post=518"},{"taxonomy":"product_tag","embeddable":true,"href":"https:\/\/healthplant.com.br\/index.php\/wp-json\/wp\/v2\/product_tag?post=518"}],"curies":[{"name":"wp","href":"https:\/\/api.w.org\/{rel}","templated":true}]}}