{"id":516,"date":"2023-05-17T11:54:27","date_gmt":"2023-05-17T14:54:27","guid":{"rendered":"https:\/\/healthplant.com.br\/?post_type=product&#038;p=516"},"modified":"2023-08-08T17:43:34","modified_gmt":"2023-08-08T20:43:34","slug":"complexo-b-60-caps","status":"publish","type":"product","link":"https:\/\/healthplant.com.br\/index.php\/produto\/complexo-b-60-caps\/","title":{"rendered":"COMPLEXO B &#8211; 60 CAPS"},"content":{"rendered":"","protected":false},"excerpt":{"rendered":"<h2><strong>COMPLEXO B POLIVITAM\u00cdNICO<\/strong><\/h2>\n<p><span style=\"font-size: 10pt;\">As vitaminas do complexo B auxiliam no metabolismo energ\u00e9tico, no metabolismo de carboidratos, prote\u00ednas e gorduras, na manuten\u00e7\u00e3o do cabelo e da pele e no funcionamento do sistema imune. A riboflavina auxilia na vis\u00e3o, no metabolismo do ferro e na forma\u00e7\u00e3o de c\u00e9lulas vermelhas no sangue. A vitamina B6 auxilia no metabolismo de prote\u00ednas e do glicog\u00eanio. O cobre auxilia no transporte do ferro no organismo.<\/span><\/p>\n<p><span style=\"font-size: 10pt;\">INGREDIENTES:<\/span><br \/>\n<span style=\"font-size: 10pt;\">V i t a m i n a B 1 ( t i a m i n a ) , v i t a m i n a B 2 ( r i b o fl a v i n a ) ,<\/span><br \/>\n<span style=\"font-size: 10pt;\">v i t a m i n a B 3 ( n i a c i n a ) , \u00e1 c i d o p a n t o t \u00ea n i c o ( d &#8211;<\/span><br \/>\n<span style=\"font-size: 10pt;\">p a n t o t e n a t o d e c \u00e1 l c i o &#8211; v i t a m i n a B 5 ) , v i t a m i n a B 6<\/span><br \/>\n<span style=\"font-size: 10pt;\">( c l o r i d r a t o d e p i r i d o x i n a ) , v i t a m i n a B 7 ( d &#8211; b i o t i n a ) ,<\/span><br \/>\n<span style=\"font-size: 10pt;\">v i t a m i n a B 9 ( \u00e1 c i d o f \u00f3 l i c o ) , v i t a m i n a B 1 2<\/span><br \/>\n<span style=\"font-size: 10pt;\">( c i a n o c o b a l a m i n a ) . E x c i p i e n t e : S i l i c a t o d e<\/span><br \/>\n<span style=\"font-size: 10pt;\">m a g n \u00e9 s i o . C o m p o s i \u00e7 \u00e3 o d a c \u00e1 p s u l a : G e l a t i n a e<\/span><br \/>\n<span style=\"font-size: 10pt;\">u m e c t a n t e g l i c e r i n a .<\/span><\/p>\n<p><span style=\"font-size: 10pt;\">N\u00c3O CONT\u00c9M A\u00c7\u00daCARES<\/span><br \/>\n<span style=\"font-size: 10pt;\">N\u00c3O CONT\u00c9M CALORIAS<\/span><br \/>\n<span style=\"font-size: 10pt;\">N\u00c3O CONT\u00c9M GL\u00daTEN<\/span><\/p>\n<p><span style=\"font-size: 10pt;\">SUGEST\u00c3O DE USO:<\/span><br \/>\n<span style=\"font-size: 10pt;\">Maiores de 19 anos. Ingerir 1(uma) c\u00e1psula ao dia, preferencialmente ap\u00f3s o caf\u00e9 da manh\u00e3.<\/span><\/p>\n<p><img fetchpriority=\"high\" decoding=\"async\" class=\"alignnone wp-image-816 \" src=\"http:\/\/healthplant.com.br\/wp-content\/uploads\/2023\/05\/c10ea261-569c-4b06-80dc-ed439b20e7ab.jpg\" alt=\"\" width=\"386\" height=\"436\" srcset=\"https:\/\/healthplant.com.br\/wp-content\/uploads\/2023\/05\/c10ea261-569c-4b06-80dc-ed439b20e7ab.jpg 585w, https:\/\/healthplant.com.br\/wp-content\/uploads\/2023\/05\/c10ea261-569c-4b06-80dc-ed439b20e7ab-266x300.jpg 266w\" sizes=\"(max-width: 386px) 100vw, 386px\" \/><\/p>\n","protected":false},"featured_media":517,"template":"","meta":[],"product_cat":[22],"product_tag":[],"_links":{"self":[{"href":"https:\/\/healthplant.com.br\/index.php\/wp-json\/wp\/v2\/product\/516"}],"collection":[{"href":"https:\/\/healthplant.com.br\/index.php\/wp-json\/wp\/v2\/product"}],"about":[{"href":"https:\/\/healthplant.com.br\/index.php\/wp-json\/wp\/v2\/types\/product"}],"version-history":[{"count":1,"href":"https:\/\/healthplant.com.br\/index.php\/wp-json\/wp\/v2\/product\/516\/revisions"}],"predecessor-version":[{"id":817,"href":"https:\/\/healthplant.com.br\/index.php\/wp-json\/wp\/v2\/product\/516\/revisions\/817"}],"wp:featuredmedia":[{"embeddable":true,"href":"https:\/\/healthplant.com.br\/index.php\/wp-json\/wp\/v2\/media\/517"}],"wp:attachment":[{"href":"https:\/\/healthplant.com.br\/index.php\/wp-json\/wp\/v2\/media?parent=516"}],"wp:term":[{"taxonomy":"product_cat","embeddable":true,"href":"https:\/\/healthplant.com.br\/index.php\/wp-json\/wp\/v2\/product_cat?post=516"},{"taxonomy":"product_tag","embeddable":true,"href":"https:\/\/healthplant.com.br\/index.php\/wp-json\/wp\/v2\/product_tag?post=516"}],"curies":[{"name":"wp","href":"https:\/\/api.w.org\/{rel}","templated":true}]}}