{"id":514,"date":"2023-05-17T11:53:59","date_gmt":"2023-05-17T14:53:59","guid":{"rendered":"https:\/\/healthplant.com.br\/?post_type=product&#038;p=514"},"modified":"2023-09-29T15:02:19","modified_gmt":"2023-09-29T18:02:19","slug":"hipoglim","status":"publish","type":"product","link":"https:\/\/healthplant.com.br\/index.php\/produto\/hipoglim\/","title":{"rendered":"HIPOGLIM"},"content":{"rendered":"","protected":false},"excerpt":{"rendered":"<h2><strong>HIPOGLIM<\/strong><\/h2>\n<p><span style=\"font-size: 10pt;\">A vitamina c auxilia no funcionamento do sistema imune.<\/span><br \/>\n<span style=\"font-size: 10pt;\">O cromo auxilia no metabolismo de <\/span><span style=\"font-size: 10pt;\">prote\u00ednas, carboidratos e gorduras.<\/span><br \/>\n<span style=\"font-size: 10pt;\">A riboflavina aux ilia na vis\u00e3o, no <\/span><span style=\"font-size: 10pt;\">metabolismo do ferro e na forma\u00e7\u00e3o de <\/span><span style=\"font-size: 10pt;\">c\u00e9lulas vermelhas no sangue.<\/span><br \/>\n<span style=\"font-size: 10pt;\">A vitamina B6 auxilia no metabolismo de <\/span><span style=\"font-size: 10pt;\">prote\u00ednas e do glicog\u00eanio.<\/span><\/p>\n<p><span style=\"font-size: 10pt;\">INGREDIENTES:<\/span><br \/>\n<span style=\"font-size: 10pt;\">Psyllium (plantrago ovatae), vitamina C (\u00e1cido <\/span><span style=\"font-size: 10pt;\">asc\u00f3rbico), Zinco (bisglicinato de zinco), <\/span><span style=\"font-size: 10pt;\">vitamina B6 (cloridrato de piridoxina), <\/span><span style=\"font-size: 10pt;\">vitamina B2 (riboflavina), Cromo (picolinatto <\/span><span style=\"font-size: 10pt;\">de cromo) . Composi\u00e7\u00e3o da c\u00e1psula: Gelatina<\/span><br \/>\n<span style=\"font-size: 10pt;\">e umectante glicerina.<\/span><\/p>\n<p><span style=\"font-size: 10pt;\">N\u00c3O CONT\u00c9M GL\u00daTEN N\u00c3O CONT\u00c9M CALORIAS N\u00c3O CONT\u00c9M A\u00c7\u00daCARES<\/span><\/p>\n<p><span style=\"font-size: 10pt;\">SUGEST\u00c3O DE USO:<\/span><br \/>\n<span style=\"font-size: 10pt;\">Maiores de 19 anos. Ingerir 2 (duas) c\u00e1psulas <\/span><span style=\"font-size: 10pt;\">ao dia, antes das principais refei\u00e7\u00f5es.<\/span><\/p>\n<p><img fetchpriority=\"high\" decoding=\"async\" class=\"alignnone wp-image-830 \" src=\"http:\/\/healthplant.com.br\/wp-content\/uploads\/2023\/05\/5422276b-6c8a-4236-85a9-f36844709547.jpg\" alt=\"\" width=\"524\" height=\"387\" srcset=\"https:\/\/healthplant.com.br\/wp-content\/uploads\/2023\/05\/5422276b-6c8a-4236-85a9-f36844709547.jpg 874w, https:\/\/healthplant.com.br\/wp-content\/uploads\/2023\/05\/5422276b-6c8a-4236-85a9-f36844709547-300x222.jpg 300w, https:\/\/healthplant.com.br\/wp-content\/uploads\/2023\/05\/5422276b-6c8a-4236-85a9-f36844709547-768x568.jpg 768w, https:\/\/healthplant.com.br\/wp-content\/uploads\/2023\/05\/5422276b-6c8a-4236-85a9-f36844709547-600x443.jpg 600w\" sizes=\"(max-width: 524px) 100vw, 524px\" \/><\/p>\n","protected":false},"featured_media":515,"template":"","meta":[],"product_cat":[22],"product_tag":[],"_links":{"self":[{"href":"https:\/\/healthplant.com.br\/index.php\/wp-json\/wp\/v2\/product\/514"}],"collection":[{"href":"https:\/\/healthplant.com.br\/index.php\/wp-json\/wp\/v2\/product"}],"about":[{"href":"https:\/\/healthplant.com.br\/index.php\/wp-json\/wp\/v2\/types\/product"}],"version-history":[{"count":2,"href":"https:\/\/healthplant.com.br\/index.php\/wp-json\/wp\/v2\/product\/514\/revisions"}],"predecessor-version":[{"id":902,"href":"https:\/\/healthplant.com.br\/index.php\/wp-json\/wp\/v2\/product\/514\/revisions\/902"}],"wp:featuredmedia":[{"embeddable":true,"href":"https:\/\/healthplant.com.br\/index.php\/wp-json\/wp\/v2\/media\/515"}],"wp:attachment":[{"href":"https:\/\/healthplant.com.br\/index.php\/wp-json\/wp\/v2\/media?parent=514"}],"wp:term":[{"taxonomy":"product_cat","embeddable":true,"href":"https:\/\/healthplant.com.br\/index.php\/wp-json\/wp\/v2\/product_cat?post=514"},{"taxonomy":"product_tag","embeddable":true,"href":"https:\/\/healthplant.com.br\/index.php\/wp-json\/wp\/v2\/product_tag?post=514"}],"curies":[{"name":"wp","href":"https:\/\/api.w.org\/{rel}","templated":true}]}}