{"id":512,"date":"2023-05-17T11:52:57","date_gmt":"2023-05-17T14:52:57","guid":{"rendered":"https:\/\/healthplant.com.br\/?post_type=product&#038;p=512"},"modified":"2023-08-08T18:05:14","modified_gmt":"2023-08-08T21:05:14","slug":"help-senior-man-50","status":"publish","type":"product","link":"https:\/\/healthplant.com.br\/index.php\/produto\/help-senior-man-50\/","title":{"rendered":"HELP S\u00caNIOR MAN 50+"},"content":{"rendered":"","protected":false},"excerpt":{"rendered":"<h2><strong>HELP S\u00caNIOR MAN 50+<\/strong><\/h2>\n<p><span style=\"font-size: 10pt;\">Contribui para o fortalecimento do sistema imune e para o bom funcionamento do sistema neuromuscular.<\/span><\/p>\n<p><span style=\"font-size: 10pt;\">Auxilia na forma\u00e7\u00e3o de c\u00e9lulas vermelhas no sangue.<\/span><br \/>\n<span style=\"font-size: 10pt;\">Mais disposi\u00e7\u00e3o para o dia-a-dia.<\/span><br \/>\n<span style=\"font-size: 10pt;\">22 vitaminas e outros nutrientes.<\/span><br \/>\n<span style=\"font-size: 10pt;\">Auxilia na vis\u00e3o .<\/span><br \/>\n<span style=\"font-size: 10pt;\">Ajuda na absor\u00e7\u00e3o de col\u00e1geno.<\/span><br \/>\n<span style=\"font-size: 10pt;\">Diminui os n\u00edveis de estresse.<\/span><\/p>\n<p><span style=\"font-size: 10pt;\">INGREDIENTES:<\/span><\/p>\n<p><span style=\"font-size: 10pt;\">Col\u00e1geno de frango com col\u00e1geno tipo II n\u00e3o desnaturado, vitamina A (acetato de retinol), vitamina B1 (tiamina), vitamina B2 (riboflavina), v itamina B3 (niac ina), \u00e1c ido pantot\u00eanico (D-pantotenato de c\u00e1lcio), vitamina B6 (cloridrato de p i r i d o x i n a ) , v i t a m i n a B 1 2 (cianocobalamina), vitamina B9 ( \u00e1cido f\u00f3lico), vitamina C (\u00e1cido a s c \u00f3 r b i c o ) , v i t a m i n a D<\/span><br \/>\n<span style=\"font-size: 10pt;\">(colecalciferol), vitamina E (acetato de d-alfa-tocoferol), vitamina K (menaquinona-7), d-biotina, c\u00e1lcio (carbonato de c\u00e1lcio), cobre (bisglicinato de cobre), s\u00ealenioi ( s e l e n i t o d e s \u00f3 d i o ) , z i n c o (bi sglicinato de zinco), ferro (bi sglicinato ferroso), cromo (picolinato de cromo), magn\u00e9sio (bi sgl i c i n a to de m agn \u00e9 s io).<\/span><br \/>\n<span style=\"font-size: 10pt;\">Excipiente: Silicato de magn\u00e9sio.<\/span><br \/>\n<span style=\"font-size: 10pt;\">Composi\u00e7\u00e3o da c\u00e1psula: Gelatina e umectante glicerina.<\/span><\/p>\n<p><span style=\"font-size: 10pt;\">COM COL\u00c1GENO TIPO II N\u00c3O DESNATURADO<\/span><br \/>\n<span style=\"font-size: 10pt;\">N\u00c3O CONT\u00c9M A\u00c7\u00daCARES N\u00c3O CONT\u00c9M CALORIAS<\/span><br \/>\n<span style=\"font-size: 10pt;\">N\u00c3O CONT\u00c9M GL\u00daTEN<\/span><\/p>\n<p><span style=\"font-size: 10pt;\">SUGEST\u00c3O DE USO:<\/span><br \/>\n<span style=\"font-size: 10pt;\">Maiores de 19 anos. Ingerir 2 (duas) c\u00e1psulas ao dia, ou conforme orienta\u00e7\u00e3o de<\/span><br \/>\n<span style=\"font-size: 10pt;\">um profissional habilitado.<\/span><\/p>\n<p><img fetchpriority=\"high\" decoding=\"async\" class=\"alignnone wp-image-827 \" src=\"http:\/\/healthplant.com.br\/wp-content\/uploads\/2023\/05\/07be21e6-09ad-4ddc-8a89-3c548257efed.jpg\" alt=\"\" width=\"817\" height=\"542\" srcset=\"https:\/\/healthplant.com.br\/wp-content\/uploads\/2023\/05\/07be21e6-09ad-4ddc-8a89-3c548257efed.jpg 950w, https:\/\/healthplant.com.br\/wp-content\/uploads\/2023\/05\/07be21e6-09ad-4ddc-8a89-3c548257efed-300x199.jpg 300w, https:\/\/healthplant.com.br\/wp-content\/uploads\/2023\/05\/07be21e6-09ad-4ddc-8a89-3c548257efed-768x509.jpg 768w, https:\/\/healthplant.com.br\/wp-content\/uploads\/2023\/05\/07be21e6-09ad-4ddc-8a89-3c548257efed-600x398.jpg 600w\" sizes=\"(max-width: 817px) 100vw, 817px\" \/><\/p>\n","protected":false},"featured_media":513,"template":"","meta":[],"product_cat":[22],"product_tag":[],"_links":{"self":[{"href":"https:\/\/healthplant.com.br\/index.php\/wp-json\/wp\/v2\/product\/512"}],"collection":[{"href":"https:\/\/healthplant.com.br\/index.php\/wp-json\/wp\/v2\/product"}],"about":[{"href":"https:\/\/healthplant.com.br\/index.php\/wp-json\/wp\/v2\/types\/product"}],"version-history":[{"count":2,"href":"https:\/\/healthplant.com.br\/index.php\/wp-json\/wp\/v2\/product\/512\/revisions"}],"predecessor-version":[{"id":829,"href":"https:\/\/healthplant.com.br\/index.php\/wp-json\/wp\/v2\/product\/512\/revisions\/829"}],"wp:featuredmedia":[{"embeddable":true,"href":"https:\/\/healthplant.com.br\/index.php\/wp-json\/wp\/v2\/media\/513"}],"wp:attachment":[{"href":"https:\/\/healthplant.com.br\/index.php\/wp-json\/wp\/v2\/media?parent=512"}],"wp:term":[{"taxonomy":"product_cat","embeddable":true,"href":"https:\/\/healthplant.com.br\/index.php\/wp-json\/wp\/v2\/product_cat?post=512"},{"taxonomy":"product_tag","embeddable":true,"href":"https:\/\/healthplant.com.br\/index.php\/wp-json\/wp\/v2\/product_tag?post=512"}],"curies":[{"name":"wp","href":"https:\/\/api.w.org\/{rel}","templated":true}]}}