{"id":510,"date":"2023-05-17T11:52:17","date_gmt":"2023-05-17T14:52:17","guid":{"rendered":"https:\/\/healthplant.com.br\/?post_type=product&#038;p=510"},"modified":"2023-08-08T17:59:19","modified_gmt":"2023-08-08T20:59:19","slug":"help-senior-femme-50","status":"publish","type":"product","link":"https:\/\/healthplant.com.br\/index.php\/produto\/help-senior-femme-50\/","title":{"rendered":"HELP S\u00caNIOR FEMME 50+"},"content":{"rendered":"","protected":false},"excerpt":{"rendered":"<h2><strong>HELP S\u00caNIOR FEMME 50+<\/strong><\/h2>\n<p><span style=\"font-size: 10pt;\">Contribui para o fortalecimento do sistema imune e para o bom funcionamento do sistema neuromuscular.<\/span><br \/>\n<span style=\"font-size: 10pt;\">Mais disposi\u00e7\u00e3o para o dia-a-dia.<\/span><br \/>\n<span style=\"font-size: 10pt;\">Auxilia na forma\u00e7\u00e3o de c\u00e9lulas vermelhas no sangue.\u00a0<\/span><br \/>\n<span style=\"font-size: 10pt;\">22 vitaminas e outros nutrientes.<\/span><br \/>\n<span style=\"font-size: 10pt;\">Auxilia na vis\u00e3o .<\/span><br \/>\n<span style=\"font-size: 10pt;\">Ajuda na absor\u00e7\u00e3o de col\u00e1geno.<\/span><br \/>\n<span style=\"font-size: 10pt;\">Diminui os n\u00edveis de estresse.<\/span><\/p>\n<p><span style=\"font-size: 10pt;\">INGREDIENTES:<\/span><br \/>\n<span style=\"font-size: 10pt;\">Col\u00e1geno de frango com col\u00e1geno tipo II n\u00e3o desnaturado, vitamina A (acetato de retinol), vitamina B1 (tiamina), vitamina B2 (riboflavina), vitamina B3 (niac ina), \u00e1c ido pantot\u00eanico (D-pantotenato de c\u00e1lcio), vitamina B6 (cloridrato de p i r i d o x i n a ) , v i t a m i n a B 1 2 (cianocobalamina), vitamina B9 ( \u00e1cido f\u00f3lico), vitamina C (\u00e1cido a s c \u00f3 r b i c o ) , v i t a m i n a D<\/span><br \/>\n<span style=\"font-size: 10pt;\">(colecalciferol), vitamina E (acetato de dl-alfa-tocoferol), vitamina K (menaquinona-7), d-biotina, c\u00e1lcio (carbonato de c\u00e1lcio), cobre (bisglicinato de cobre), sel\u00eanio ( s e l e n i t o d e s \u00f3 d i o ) , z i n c o (bisglicinato de zinco), ferro (bisglicinato ferroso), cromo (picolinato de cromo), magn\u00e9sio (bi sgl i c ina to de magn\u00e9 s io). <\/span><br \/>\n<span style=\"font-size: 10pt;\">Excipiente: Silicato de magn\u00e9sio.<\/span><br \/>\n<span style=\"font-size: 10pt;\">Composi\u00e7\u00e3o da c\u00e1psula: Gelatina e umectante glicerina.<\/span><\/p>\n<p><span style=\"font-size: 10pt;\">COM COL\u00c1GENO TIPO II N\u00c3O DESNATURADO<\/span><br \/>\n<span style=\"font-size: 10pt;\">N\u00c3O CONT\u00c9M A\u00c7\u00daCARES N\u00c3O CONT\u00c9M CALORIAS<\/span><br \/>\n<span style=\"font-size: 10pt;\">N\u00c3O CONT\u00c9M GL\u00daTEN<\/span><\/p>\n<p><span style=\"font-size: 10pt;\">SUGEST\u00c3O DE USO:<\/span><br \/>\n<span style=\"font-size: 10pt;\">Maiores de 19 anos. Ingerir 2 (duas) c\u00e1psulas ao dia, ou conforme orienta\u00e7\u00e3o de um profissional habilitado.<\/span><\/p>\n<p><img fetchpriority=\"high\" decoding=\"async\" class=\"alignnone wp-image-825 \" src=\"http:\/\/healthplant.com.br\/wp-content\/uploads\/2023\/05\/as.jpg\" alt=\"\" width=\"573\" height=\"382\" srcset=\"https:\/\/healthplant.com.br\/wp-content\/uploads\/2023\/05\/as.jpg 1049w, https:\/\/healthplant.com.br\/wp-content\/uploads\/2023\/05\/as-300x200.jpg 300w, https:\/\/healthplant.com.br\/wp-content\/uploads\/2023\/05\/as-1024x683.jpg 1024w, https:\/\/healthplant.com.br\/wp-content\/uploads\/2023\/05\/as-768x512.jpg 768w, https:\/\/healthplant.com.br\/wp-content\/uploads\/2023\/05\/as-600x400.jpg 600w\" sizes=\"(max-width: 573px) 100vw, 573px\" \/><\/p>\n<p>&nbsp;<\/p>\n","protected":false},"featured_media":511,"template":"","meta":[],"product_cat":[22],"product_tag":[],"_links":{"self":[{"href":"https:\/\/healthplant.com.br\/index.php\/wp-json\/wp\/v2\/product\/510"}],"collection":[{"href":"https:\/\/healthplant.com.br\/index.php\/wp-json\/wp\/v2\/product"}],"about":[{"href":"https:\/\/healthplant.com.br\/index.php\/wp-json\/wp\/v2\/types\/product"}],"version-history":[{"count":1,"href":"https:\/\/healthplant.com.br\/index.php\/wp-json\/wp\/v2\/product\/510\/revisions"}],"predecessor-version":[{"id":826,"href":"https:\/\/healthplant.com.br\/index.php\/wp-json\/wp\/v2\/product\/510\/revisions\/826"}],"wp:featuredmedia":[{"embeddable":true,"href":"https:\/\/healthplant.com.br\/index.php\/wp-json\/wp\/v2\/media\/511"}],"wp:attachment":[{"href":"https:\/\/healthplant.com.br\/index.php\/wp-json\/wp\/v2\/media?parent=510"}],"wp:term":[{"taxonomy":"product_cat","embeddable":true,"href":"https:\/\/healthplant.com.br\/index.php\/wp-json\/wp\/v2\/product_cat?post=510"},{"taxonomy":"product_tag","embeddable":true,"href":"https:\/\/healthplant.com.br\/index.php\/wp-json\/wp\/v2\/product_tag?post=510"}],"curies":[{"name":"wp","href":"https:\/\/api.w.org\/{rel}","templated":true}]}}