{"id":506,"date":"2023-05-17T11:50:45","date_gmt":"2023-05-17T14:50:45","guid":{"rendered":"https:\/\/healthplant.com.br\/?post_type=product&#038;p=506"},"modified":"2023-08-08T17:41:56","modified_gmt":"2023-08-08T20:41:56","slug":"complexo-b-30ml","status":"publish","type":"product","link":"https:\/\/healthplant.com.br\/index.php\/produto\/complexo-b-30ml\/","title":{"rendered":"COMPLEXO B &#8211; 30ML"},"content":{"rendered":"","protected":false},"excerpt":{"rendered":"<h2><strong>COMPLEXO B 30ML<\/strong><\/h2>\n<p><span style=\"font-size: 10pt;\">As vitaminas do complexo B auxiliam no <\/span><span style=\"font-size: 10pt;\">funcionamento do sistema imune, na forma\u00e7\u00e3o <\/span><span style=\"font-size: 10pt;\">das c\u00e9lulas vermelhas do sangue e no <\/span><span style=\"font-size: 10pt;\">metabolismo energ\u00e9tico.<\/span><\/p>\n<p><span style=\"font-size: 10pt;\">INGREDIENTES:<\/span><br \/>\n<span style=\"font-size: 10pt;\">\u00c1gua purificada, tiamina (vitamina B1), riboflavina <\/span><span style=\"font-size: 10pt;\">(vitamina B2), niacina (vitamina B3), \u00e1cido <\/span><span style=\"font-size: 10pt;\">pantot\u00eanico d-pantotenato de c\u00e1lcio (vitamina <\/span><span style=\"font-size: 10pt;\">B5), cloridrato de piridoxina (vitamina B6).<\/span><br \/>\n<span style=\"font-size: 10pt;\">Conservante benzoato de s\u00f3dio, aroma id\u00eantico <\/span><span style=\"font-size: 10pt;\">ao natural de menta.<\/span><\/p>\n<p><span style=\"font-size: 10pt;\">N\u00c3O CONT\u00c9M GL\u00daTEN<\/span><\/p>\n<p><span style=\"font-size: 10pt;\">SUGEST\u00c3O DE USO:<\/span><br \/>\n<span style=\"font-size: 10pt;\">Maiores de 19 anos. Ingerir 8 gotas ao dia.<\/span><\/p>\n<p><img fetchpriority=\"high\" decoding=\"async\" class=\"alignnone wp-image-814 \" src=\"http:\/\/healthplant.com.br\/wp-content\/uploads\/2023\/05\/7e91e0d9-af28-4143-bb56-f977614e5af3.jpg\" alt=\"\" width=\"485\" height=\"421\" srcset=\"https:\/\/healthplant.com.br\/wp-content\/uploads\/2023\/05\/7e91e0d9-af28-4143-bb56-f977614e5af3.jpg 913w, https:\/\/healthplant.com.br\/wp-content\/uploads\/2023\/05\/7e91e0d9-af28-4143-bb56-f977614e5af3-300x261.jpg 300w, https:\/\/healthplant.com.br\/wp-content\/uploads\/2023\/05\/7e91e0d9-af28-4143-bb56-f977614e5af3-768x667.jpg 768w, https:\/\/healthplant.com.br\/wp-content\/uploads\/2023\/05\/7e91e0d9-af28-4143-bb56-f977614e5af3-600x521.jpg 600w\" sizes=\"(max-width: 485px) 100vw, 485px\" \/><\/p>\n","protected":false},"featured_media":507,"template":"","meta":[],"product_cat":[22],"product_tag":[],"_links":{"self":[{"href":"https:\/\/healthplant.com.br\/index.php\/wp-json\/wp\/v2\/product\/506"}],"collection":[{"href":"https:\/\/healthplant.com.br\/index.php\/wp-json\/wp\/v2\/product"}],"about":[{"href":"https:\/\/healthplant.com.br\/index.php\/wp-json\/wp\/v2\/types\/product"}],"version-history":[{"count":1,"href":"https:\/\/healthplant.com.br\/index.php\/wp-json\/wp\/v2\/product\/506\/revisions"}],"predecessor-version":[{"id":815,"href":"https:\/\/healthplant.com.br\/index.php\/wp-json\/wp\/v2\/product\/506\/revisions\/815"}],"wp:featuredmedia":[{"embeddable":true,"href":"https:\/\/healthplant.com.br\/index.php\/wp-json\/wp\/v2\/media\/507"}],"wp:attachment":[{"href":"https:\/\/healthplant.com.br\/index.php\/wp-json\/wp\/v2\/media?parent=506"}],"wp:term":[{"taxonomy":"product_cat","embeddable":true,"href":"https:\/\/healthplant.com.br\/index.php\/wp-json\/wp\/v2\/product_cat?post=506"},{"taxonomy":"product_tag","embeddable":true,"href":"https:\/\/healthplant.com.br\/index.php\/wp-json\/wp\/v2\/product_tag?post=506"}],"curies":[{"name":"wp","href":"https:\/\/api.w.org\/{rel}","templated":true}]}}