{"id":9,"date":"2020-10-27T05:02:39","date_gmt":"2020-10-27T05:02:39","guid":{"rendered":"http:\/\/seodo.themezinho.net\/?page_id=9"},"modified":"2023-05-31T01:33:16","modified_gmt":"2023-05-31T04:33:16","slug":"what-we-offer","status":"publish","type":"page","link":"https:\/\/healthplant.com.br\/","title":{"rendered":"Home"},"content":{"rendered":"<section class=\"wpb-content-wrapper\"><p>[vc_row motts_theme_padding=&#8221;no&#8221; css=&#8221;.vc_custom_1603778328251{margin-right: 0px !important;margin-left: 0px !important;}&#8221;][vc_column css=&#8221;.vc_custom_1603778320534{padding-right: 0px !important;padding-left: 0px !important;}&#8221;][ts_hero_slider hero_slider=&#8221;47&#8243;][\/vc_column][\/vc_row][vc_row content_placement=&#8221;middle&#8221; motts_theme_padding=&#8221;no&#8221; use_container=&#8221;yes&#8221; css=&#8221;.vc_custom_1603961915955{padding-top: 100px !important;}&#8221;][vc_column offset=&#8221;vc_col-md-6&#8243;][ts_side_content tagline=&#8221;Welcome&#8221; title=&#8221;Agricultural seed market, whilst our farm traders&#8221; description=&#8221;Wild flowers , plants and fungi are the life support for all our wildlife and their colour and character light up our landscapes. But without our help , this priceless natural heritage is in danger of being lost.&#8221; side_content=&#8221;<\/p>\n<h2>Welcome<\/h2>\n<h6>Agricultural seed market, whilst our farm traders<\/h6>\n<p>Wild flowers , plants and fungi are the life support for all our wildlife and their colour and character light up our landscapes. But without our help , this priceless natural heritage is in danger of being lost.&#8221;]<\/p>\n<h2>Sobre N\u00f3s<\/h2>\n<p>A Health Plant \u00e9 uma ind\u00fastria e laborat\u00f3rio de produtos naturais em Marata\u00edzes, ES. Com estrutura completa e profissionais capacitados, garantimos produtos de alta qualidade e seguros. Priorizamos a qualidade das mat\u00e9rias-primas, selecionando os melhores fornecedores do mercado. Nossa equipe comprometida e capacitada nos torna uma refer\u00eancia no setor. Oferecemos confian\u00e7a e seguran\u00e7a aos clientes em busca de solu\u00e7\u00f5es de qualidade em sa\u00fade e bem-estar.[\/ts_side_content][vc_btn title=&#8221;FALE COM A GENTE&#8221; style=&#8221;flat&#8221; color=&#8221;success&#8221; css=&#8221;.vc_custom_1685507594837{margin-top: 25px !important;}&#8221; link=&#8221;url:https%3A%2F%2Fhealthplant.com.br%2Findex.php%2Fcontato%2F&#8221;][\/vc_column][vc_column offset=&#8221;vc_col-md-6&#8243;][vc_single_image image=&#8221;632&#8243; img_size=&#8221;773&#215;800&#8243;][\/vc_column][\/vc_row][vc_row use_container=&#8221;yes&#8221;][vc_column width=&#8221;1\/3&#8243;][ts_image_content_box image=&#8221;628&#8243; title=&#8221;Nutrac\u00eauticos&#8221; description=&#8221;Os nutrac\u00eauticos s\u00e3o suplementos alimentares que trazem in\u00fameros benef\u00edcios para o organismo. Requer uma fabrica\u00e7\u00e3o rigorosa e com muitos cuidados.&#8221;][\/vc_column][vc_column width=&#8221;1\/3&#8243;][ts_image_content_box image=&#8221;629&#8243; title=&#8221;P\u00f3 \/ Sol\u00faveis&#8221; description=&#8221;Utilizamos das melhores tecnologias e profissionais altamente capacitados para fabricar o seu produto com a melhor qualidade do mercado.&#8221;][\/vc_column][vc_column width=&#8221;1\/3&#8243;][ts_image_content_box image=&#8221;630&#8243; title=&#8221;L\u00edquidos \/ Ch\u00e1s&#8221; description=&#8221;Temos os melhores fornecedores de plantas medicinais e equipamentos adequados para a fabrica\u00e7\u00e3o de um produto o mais natural poss\u00edvel.&#8221;][\/vc_column][\/vc_row][vc_row][vc_column parallax=&#8221;content-moving&#8221; parallax_image=&#8221;661&#8243; parallax_speed_bg=&#8221;1.2&#8243;][vc_row_inner][vc_column_inner width=&#8221;3\/4&#8243; offset=&#8221;vc_col-lg-4 vc_col-md-6&#8243; css=&#8221;.vc_custom_1685463220499{margin-left: 50px !important;}&#8221;][ts_service_list_box tagline=&#8221;Venha para a&#8221; title=&#8221;Health Plant&#8221; details=&#8221;%5B%7B%22image%22%3A%22664%22%2C%22title%22%3A%22Seguran%C3%A7a%20e%20Qualidade%22%7D%2C%7B%22image%22%3A%22665%22%2C%22title%22%3A%22Inova%C3%A7%C3%A3o%20%22%7D%2C%7B%22image%22%3A%22666%22%2C%22title%22%3A%22Suporte%22%7D%5D&#8221;][\/vc_column_inner][\/vc_row_inner][\/vc_column][\/vc_row][vc_row use_container=&#8221;yes&#8221;][vc_column][vc_row_inner][vc_column_inner][ts_section_title title=&#8221;A melhor op\u00e7\u00e3o para voc\u00ea que quer criar seu suplemento com a sua marca&#8221;][\/vc_column_inner][\/vc_row_inner][vc_row_inner content_placement=&#8221;middle&#8221;][vc_column_inner offset=&#8221;vc_col-md-8&#8243;][ts_side_image image=&#8221;708&#8243; alt=&#8221;Image&#8221;][\/ts_side_image][\/vc_column_inner][vc_column_inner offset=&#8221;vc_col-md-4&#8243;][ts_side_content position=&#8221;right&#8221; display_link=&#8221;show&#8221; link_label=&#8221;CRIE SUA MARCA&#8221; link_url=&#8221;https:\/\/healthplant.com.br\/index.php\/crie-a-sua-marca\/&#8221; title=&#8221;Sustainability and Climate Change&#8221; description=&#8221;Our agricultural background means we\u2019re equally at home meeting face-to-face with farmers as we are engaging.&#8221; side_content=&#8221;<\/p>\n<h5>Sustainability and Climate Change<\/h5>\n<p>Our agricultural background means we\u2019re equally at home meeting face-to-face with farmers as we are engaging.&#8221;]<\/p>\n<h5>Estamos pronto para cuidar do seu projeto!<\/h5>\n<p>Desenhamos uma experi\u00eancia \u00fanica, diferente, inovadora e completa, com estruturas e estrat\u00e9gias que potencializam as vendas e faturamento do seu produto. Simplificamos tudo para que voc\u00ea se preocupe apenas em vender e aumentar o seu neg\u00f3cio.[\/ts_side_content][\/vc_column_inner][\/vc_row_inner][vc_empty_space height=&#8221;100px&#8221;][vc_row_inner content_placement=&#8221;middle&#8221;][vc_column_inner offset=&#8221;vc_col-md-4&#8243;][ts_side_content title=&#8221;Sustainability and Climate Change&#8221; description=&#8221;Our agricultural background means we\u2019re equally at home meeting face-to-face with farmers as we are engaging.&#8221; side_content=&#8221;<\/p>\n<h5>Advice and farm implement<\/h5>\n<p>Largest independent provider of agricultural and environmental consultancy, rural development services and policy advice.&#8221;]<\/p>\n<h5>Produtos Aprovados pela Anvisa<\/h5>\n<p>Nossa equipe cuida de toda regulariza\u00e7\u00e3o do seus produtos para que eles sejam fabricados de acordo com as normas da ANVISA[\/ts_side_content][\/vc_column_inner][vc_column_inner offset=&#8221;vc_col-md-8&#8243;][ts_side_image image=&#8221;712&#8243; alt=&#8221;Image&#8221;][\/ts_side_image][\/vc_column_inner][\/vc_row_inner][\/vc_column][\/vc_row][vc_row motts_theme_padding=&#8221;no&#8221; use_container=&#8221;yes&#8221; css=&#8221;.vc_custom_1603786590679{padding-bottom: 100px !important;}&#8221;][vc_column][vc_row_inner][vc_column_inner][ts_section_title shape=&#8221;&#8221; title=&#8221;Passo a passo para sua marca&#8221;][\/vc_column_inner][\/vc_row_inner][vc_row_inner][vc_column_inner width=&#8221;1\/2&#8243; offset=&#8221;vc_col-md-4&#8243;][ts_icon_box icon=&#8221;702&#8243; description=&#8221;We are straight forward to deal with experts in our field.&#8221;]<strong>Escolha seu produto<\/strong>[\/ts_icon_box][\/vc_column_inner][vc_column_inner width=&#8221;1\/2&#8243; offset=&#8221;vc_col-md-4&#8243;][ts_icon_box icon=&#8221;703&#8243; description=&#8221;We take responsible lending seriously and believe.&#8221;]<strong>Aprova\u00e7\u00e3o de Formula\u00e7\u00e3o<\/strong>[\/ts_icon_box][\/vc_column_inner][vc_column_inner width=&#8221;1\/2&#8243; offset=&#8221;vc_col-md-4&#8243;][ts_icon_box icon=&#8221;700&#8243; description=&#8221;If we can\u2019t help you, we will tell you quickly and honestly.&#8221;]<strong>Cria\u00e7\u00e3o de seu r\u00f3tulo<\/strong>[\/ts_icon_box][\/vc_column_inner][vc_column_inner width=&#8221;1\/2&#8243; offset=&#8221;vc_col-md-4&#8243;][ts_icon_box icon=&#8221;701&#8243; description=&#8221;You can talk directly to a lending decision maker.&#8221;]<strong>Registro do seu produto<\/strong>[\/ts_icon_box][\/vc_column_inner][vc_column_inner width=&#8221;1\/2&#8243; offset=&#8221;vc_col-md-4&#8243;][ts_icon_box icon=&#8221;699&#8243; description=&#8221;We offer a no-nonsense app roach and speak farming.&#8221;]<strong>Envio do seu Produto<\/strong>[\/ts_icon_box][\/vc_column_inner][vc_column_inner width=&#8221;1\/2&#8243; offset=&#8221;vc_col-md-4&#8243;][ts_icon_box icon=&#8221;698&#8243; description=&#8221;Loan officers have practical experience of building\/&#8221;]<strong>Venda<\/strong>[\/ts_icon_box][\/vc_column_inner][\/vc_row_inner][\/vc_column][\/vc_row][vc_row][vc_column][vc_column_text]<\/p>\n<h1 style=\"text-align: center;\"><span style=\"color: #008000; font-size: 36pt;\"><strong>Conhe\u00e7a Nossos Produtos <\/strong><\/span><\/h1>\n<p>[\/vc_column_text][vc_masonry_media_grid element_width=&#8221;2&#8243; grid_id=&#8221;vc_gid:1685507434126-488079e2034b9daaf2628d9930a42711-0&#8243; include=&#8221;503,501,499,495,593,573&#8243;][vc_btn title=&#8221;Cat\u00e1logo Completo&#8221; color=&#8221;success&#8221; align=&#8221;center&#8221; link=&#8221;url:https%3A%2F%2Fhealthplant.com.br%2Findex.php%2Fcatalogo%2F&#8221;][\/vc_column][\/vc_row]<\/p>\n<\/section>","protected":false},"excerpt":{"rendered":"<p>[vc_row motts_theme_padding=&#8221;no&#8221; css=&#8221;.vc_custom_1603778328251{margin-right: 0px !important;margin-left: 0px !important;}&#8221;][vc_column css=&#8221;.vc_custom_1603778320534{padding-right: 0px !important;padding-left: 0px !important;}&#8221;][ts_hero_slider hero_slider=&#8221;47&#8243;][\/vc_column][\/vc_row][vc_row content_placement=&#8221;middle&#8221; motts_theme_padding=&#8221;no&#8221; use_container=&#8221;yes&#8221; css=&#8221;.vc_custom_1603961915955{padding-top: 100px !important;}&#8221;][vc_column offset=&#8221;vc_col-md-6&#8243;][ts_side_content tagline=&#8221;Welcome&#8221; title=&#8221;Agricultural seed market, whilst our farm traders&#8221; description=&#8221;Wild flowers , plants and fungi are the life support for all our wildlife and their colour and character light up our landscapes. But without our help [&hellip;]<\/p>\n","protected":false},"author":1,"featured_media":0,"parent":0,"menu_order":0,"comment_status":"closed","ping_status":"closed","template":"page-builder.php","meta":{"footnotes":""},"_links":{"self":[{"href":"https:\/\/healthplant.com.br\/index.php\/wp-json\/wp\/v2\/pages\/9"}],"collection":[{"href":"https:\/\/healthplant.com.br\/index.php\/wp-json\/wp\/v2\/pages"}],"about":[{"href":"https:\/\/healthplant.com.br\/index.php\/wp-json\/wp\/v2\/types\/page"}],"author":[{"embeddable":true,"href":"https:\/\/healthplant.com.br\/index.php\/wp-json\/wp\/v2\/users\/1"}],"replies":[{"embeddable":true,"href":"https:\/\/healthplant.com.br\/index.php\/wp-json\/wp\/v2\/comments?post=9"}],"version-history":[{"count":68,"href":"https:\/\/healthplant.com.br\/index.php\/wp-json\/wp\/v2\/pages\/9\/revisions"}],"predecessor-version":[{"id":761,"href":"https:\/\/healthplant.com.br\/index.php\/wp-json\/wp\/v2\/pages\/9\/revisions\/761"}],"wp:attachment":[{"href":"https:\/\/healthplant.com.br\/index.php\/wp-json\/wp\/v2\/media?parent=9"}],"curies":[{"name":"wp","href":"https:\/\/api.w.org\/{rel}","templated":true}]}}