{"id":741,"date":"2023-05-30T14:59:13","date_gmt":"2023-05-30T17:59:13","guid":{"rendered":"https:\/\/healthplant.com.br\/?page_id=741"},"modified":"2023-05-31T01:29:50","modified_gmt":"2023-05-31T04:29:50","slug":"crie-a-sua-marca","status":"publish","type":"page","link":"https:\/\/healthplant.com.br\/index.php\/crie-a-sua-marca\/","title":{"rendered":"Crie a Sua Marca"},"content":{"rendered":"<section class=\"wpb-content-wrapper\"><p>[vc_row use_container=&#8221;yes&#8221;][vc_column][ts_section_title title=&#8221;Sua Marca?! Deixe com a gente!&#8221;][vc_column_text]<\/p>\n<p style=\"text-align: center;\">Somos a melhor op\u00e7\u00e3o pra voc\u00ea que quer produzir um produto com marca pr\u00f3pria, Fabricamos nutrac\u00eauticos, p\u00f3s, ch\u00e1s, gotas e sol\u00faveis com a sua marca.<\/p>\n<p style=\"text-align: center;\">Trabalhamos com os principais fornecedores, os melhores e mais atualizados produtos nacionais e importados, para que os nossos clientes encontrem diversas variedades e oportunidades.<\/p>\n<p style=\"text-align: center;\">Todos os produtos s\u00e3o notificados, garantindo tranquilidade e confian\u00e7a em sua comercializa\u00e7\u00e3o.<\/p>\n<p>[\/vc_column_text][vc_row_inner][vc_column_inner offset=&#8221;vc_col-md-6&#8243; css=&#8221;.vc_custom_1685469690845{margin-bottom: 20px !important;}&#8221;]<div class=\"wpforms-container wpforms-container-full wpforms-render-modern\" id=\"wpforms-679\"><form id=\"wpforms-form-679\" class=\"wpforms-validate wpforms-form wpforms-ajax-form\" data-formid=\"679\" method=\"post\" enctype=\"multipart\/form-data\" action=\"\/index.php\/wp-json\/wp\/v2\/pages\/741\" data-token=\"adac3269728b43e3d3a53c1487bbca9c\" data-token-time=\"1778500273\"><noscript class=\"wpforms-error-noscript\">Ative o JavaScript no seu navegador para preencher este formul\u00e1rio.<\/noscript><div class=\"wpforms-hidden\" id=\"wpforms-error-noscript\">Ative o JavaScript no seu navegador para preencher este formul\u00e1rio.<\/div><div class=\"wpforms-field-container\"><div id=\"wpforms-679-field_1-container\" class=\"wpforms-field wpforms-field-name\" data-field-id=\"1\"><label class=\"wpforms-field-label\" for=\"wpforms-679-field_1\">Nome <span class=\"wpforms-required-label\" aria-hidden=\"true\">*<\/span><\/label><input type=\"text\" id=\"wpforms-679-field_1\" class=\"wpforms-field-medium wpforms-field-required\" name=\"wpforms[fields][1]\" aria-errormessage=\"wpforms-679-field_1-error\" required><\/div><div id=\"wpforms-679-field_2-container\" class=\"wpforms-field wpforms-field-email\" data-field-id=\"2\"><label class=\"wpforms-field-label\" for=\"wpforms-679-field_2\">E-mail <span class=\"wpforms-required-label\" aria-hidden=\"true\">*<\/span><\/label><input type=\"email\" id=\"wpforms-679-field_2\" class=\"wpforms-field-medium wpforms-field-required\" name=\"wpforms[fields][2]\" spellcheck=\"false\" aria-errormessage=\"wpforms-679-field_2-error\" required><\/div><div id=\"wpforms-679-field_4-container\" class=\"wpforms-field wpforms-field-text\" data-field-id=\"4\"><label class=\"wpforms-field-label\" for=\"wpforms-679-field_4\">Telefone \/ Whatsapp<\/label><input type=\"text\" id=\"wpforms-679-field_4\" class=\"wpforms-field-medium\" name=\"wpforms[fields][4]\" aria-errormessage=\"wpforms-679-field_4-error\" ><\/div><div id=\"wpforms-679-field_5-container\" class=\"wpforms-field wpforms-field-checkbox wpforms-list-inline\" data-field-id=\"5\"><fieldset><legend class=\"wpforms-field-label\">Como voc\u00ea prefere que seja feito o contato?<\/legend><ul id=\"wpforms-679-field_5\"><li class=\"choice-1 depth-1\"><input type=\"checkbox\" id=\"wpforms-679-field_5_1\" name=\"wpforms[fields][5][]\" value=\"E-mail\" aria-errormessage=\"wpforms-679-field_5_1-error\"  ><label class=\"wpforms-field-label-inline\" for=\"wpforms-679-field_5_1\">E-mail<\/label><\/li><li class=\"choice-2 depth-1\"><input type=\"checkbox\" id=\"wpforms-679-field_5_2\" name=\"wpforms[fields][5][]\" value=\"Telefone\" aria-errormessage=\"wpforms-679-field_5_2-error\"  ><label class=\"wpforms-field-label-inline\" for=\"wpforms-679-field_5_2\">Telefone<\/label><\/li><li class=\"choice-3 depth-1\"><input type=\"checkbox\" id=\"wpforms-679-field_5_3\" name=\"wpforms[fields][5][]\" value=\"Whatsapp\" aria-errormessage=\"wpforms-679-field_5_3-error\"  ><label class=\"wpforms-field-label-inline\" for=\"wpforms-679-field_5_3\">Whatsapp<\/label><\/li><\/ul><\/fieldset><\/div><div id=\"wpforms-679-field_7-container\" class=\"wpforms-field wpforms-field-checkbox wpforms-list-inline\" data-field-id=\"7\"><fieldset><legend class=\"wpforms-field-label\">Voc\u00ea j\u00e1 tem algum produto do seguimento?<\/legend><ul id=\"wpforms-679-field_7\"><li class=\"choice-1 depth-1\"><input type=\"checkbox\" id=\"wpforms-679-field_7_1\" name=\"wpforms[fields][7][]\" value=\"Sim\" aria-errormessage=\"wpforms-679-field_7_1-error\"  ><label class=\"wpforms-field-label-inline\" for=\"wpforms-679-field_7_1\">Sim<\/label><\/li><li class=\"choice-2 depth-1\"><input type=\"checkbox\" id=\"wpforms-679-field_7_2\" name=\"wpforms[fields][7][]\" value=\"N\u00e3o\" aria-errormessage=\"wpforms-679-field_7_2-error\"  ><label class=\"wpforms-field-label-inline\" for=\"wpforms-679-field_7_2\">N\u00e3o<\/label><\/li><\/ul><\/fieldset><\/div><div id=\"wpforms-679-field_8-container\" class=\"wpforms-field wpforms-field-checkbox wpforms-list-inline\" data-field-id=\"8\"><fieldset><legend class=\"wpforms-field-label\">Voc\u00ea j\u00e1 faz terceiriza\u00e7\u00e3o de algum produto?<\/legend><ul id=\"wpforms-679-field_8\"><li class=\"choice-1 depth-1\"><input type=\"checkbox\" id=\"wpforms-679-field_8_1\" name=\"wpforms[fields][8][]\" value=\"Sim\" aria-errormessage=\"wpforms-679-field_8_1-error\"  ><label class=\"wpforms-field-label-inline\" for=\"wpforms-679-field_8_1\">Sim<\/label><\/li><li class=\"choice-2 depth-1\"><input type=\"checkbox\" id=\"wpforms-679-field_8_2\" name=\"wpforms[fields][8][]\" value=\"N\u00e3o\" aria-errormessage=\"wpforms-679-field_8_2-error\"  ><label class=\"wpforms-field-label-inline\" for=\"wpforms-679-field_8_2\">N\u00e3o<\/label><\/li><\/ul><\/fieldset><\/div><div id=\"wpforms-679-field_9-container\" class=\"wpforms-field wpforms-field-checkbox wpforms-list-inline\" data-field-id=\"9\"><fieldset><legend class=\"wpforms-field-label\">Qual previs\u00e3o de quantidade a ser terceirizada?<\/legend><ul id=\"wpforms-679-field_9\"><li class=\"choice-1 depth-1\"><input type=\"checkbox\" id=\"wpforms-679-field_9_1\" name=\"wpforms[fields][9][]\" value=\"At\u00e9 300\" aria-errormessage=\"wpforms-679-field_9_1-error\"  ><label class=\"wpforms-field-label-inline\" for=\"wpforms-679-field_9_1\">At\u00e9 300<\/label><\/li><li class=\"choice-2 depth-1\"><input type=\"checkbox\" id=\"wpforms-679-field_9_2\" name=\"wpforms[fields][9][]\" value=\"Entre 300 \u2013 500\" aria-errormessage=\"wpforms-679-field_9_2-error\"  ><label class=\"wpforms-field-label-inline\" for=\"wpforms-679-field_9_2\">Entre 300 \u2013 500<\/label><\/li><li class=\"choice-5 depth-1\"><input type=\"checkbox\" id=\"wpforms-679-field_9_5\" name=\"wpforms[fields][9][]\" value=\"Entre 500 e 1000\" aria-errormessage=\"wpforms-679-field_9_5-error\"  ><label class=\"wpforms-field-label-inline\" for=\"wpforms-679-field_9_5\">Entre 500 e 1000<\/label><\/li><li class=\"choice-6 depth-1\"><input type=\"checkbox\" id=\"wpforms-679-field_9_6\" name=\"wpforms[fields][9][]\" value=\"Acima de 1000\" aria-errormessage=\"wpforms-679-field_9_6-error\"  ><label class=\"wpforms-field-label-inline\" for=\"wpforms-679-field_9_6\">Acima de 1000<\/label><\/li><\/ul><\/fieldset><\/div><div id=\"wpforms-679-field_10-container\" class=\"wpforms-field wpforms-field-textarea\" data-field-id=\"10\"><label class=\"wpforms-field-label\" for=\"wpforms-679-field_10\">\u00c1rea de texto<\/label><textarea id=\"wpforms-679-field_10\" class=\"wpforms-field-medium\" name=\"wpforms[fields][10]\" aria-errormessage=\"wpforms-679-field_10-error\" ><\/textarea><\/div><\/div><!-- .wpforms-field-container --><div class=\"wpforms-submit-container\" ><input type=\"hidden\" name=\"wpforms[id]\" value=\"679\"><input type=\"hidden\" name=\"page_title\" value=\"\"><input type=\"hidden\" name=\"page_url\" value=\"https:\/\/healthplant.com.br\/index.php\/wp-json\/wp\/v2\/pages\/741\"><button type=\"submit\" name=\"wpforms[submit]\" id=\"wpforms-submit-679\" class=\"wpforms-submit\" data-alt-text=\"Enviando\u2026\" data-submit-text=\"Enviar\" aria-live=\"assertive\" value=\"wpforms-submit\">Enviar<\/button><img decoding=\"async\" src=\"https:\/\/healthplant.com.br\/wp-content\/plugins\/wpforms-lite\/assets\/images\/submit-spin.svg\" class=\"wpforms-submit-spinner\" style=\"display: none;\" width=\"26\" height=\"26\" alt=\"Carregando\"><\/div><\/form><\/div>  <!-- .wpforms-container -->[\/vc_column_inner][vc_column_inner offset=&#8221;vc_col-md-6&#8243;][ts_contact_box icon=&#8221;206&#8243; title=&#8221;Aguardamos seu contato&#8221; contact=&#8221;(28) 99989-3512&#8243;][ts_contact_box icon=&#8221;207&#8243; title=&#8221;E-mail&#8221; contact=&#8221;contato@healthplant.com.br&#8221;][ts_contact_box icon=&#8221;208&#8243; title=&#8221;Endere\u00e7o&#8221; contact=&#8221;Rua Juventino Mansur, 27 &#8211; Lagoa Funda MARATA\u00cdZES-ES CEP: 29345-000&#8243;][\/vc_column_inner][\/vc_row_inner][\/vc_column][\/vc_row]<\/p>\n<\/section>","protected":false},"excerpt":{"rendered":"<p>[vc_row use_container=&#8221;yes&#8221;][vc_column][ts_section_title title=&#8221;Sua Marca?! Deixe com a gente!&#8221;][vc_column_text] Somos a melhor op\u00e7\u00e3o pra voc\u00ea que quer produzir um produto com marca pr\u00f3pria, Fabricamos nutrac\u00eauticos, p\u00f3s, ch\u00e1s, gotas e sol\u00faveis com a sua marca. Trabalhamos com os principais fornecedores, os melhores e mais atualizados produtos nacionais e importados, para que os nossos clientes encontrem diversas variedades [&hellip;]<\/p>\n","protected":false},"author":1,"featured_media":0,"parent":0,"menu_order":0,"comment_status":"closed","ping_status":"closed","template":"page-builder.php","meta":{"footnotes":""},"_links":{"self":[{"href":"https:\/\/healthplant.com.br\/index.php\/wp-json\/wp\/v2\/pages\/741"}],"collection":[{"href":"https:\/\/healthplant.com.br\/index.php\/wp-json\/wp\/v2\/pages"}],"about":[{"href":"https:\/\/healthplant.com.br\/index.php\/wp-json\/wp\/v2\/types\/page"}],"author":[{"embeddable":true,"href":"https:\/\/healthplant.com.br\/index.php\/wp-json\/wp\/v2\/users\/1"}],"replies":[{"embeddable":true,"href":"https:\/\/healthplant.com.br\/index.php\/wp-json\/wp\/v2\/comments?post=741"}],"version-history":[{"count":4,"href":"https:\/\/healthplant.com.br\/index.php\/wp-json\/wp\/v2\/pages\/741\/revisions"}],"predecessor-version":[{"id":760,"href":"https:\/\/healthplant.com.br\/index.php\/wp-json\/wp\/v2\/pages\/741\/revisions\/760"}],"wp:attachment":[{"href":"https:\/\/healthplant.com.br\/index.php\/wp-json\/wp\/v2\/media?parent=741"}],"curies":[{"name":"wp","href":"https:\/\/api.w.org\/{rel}","templated":true}]}}